{"id":4485,"date":"2025-02-26T00:09:07","date_gmt":"2025-02-26T00:09:07","guid":{"rendered":"https:\/\/ringside-zone.com\/?page_id=4485"},"modified":"2026-04-10T13:46:26","modified_gmt":"2026-04-10T13:46:26","slug":"ueber-uns","status":"publish","type":"page","link":"https:\/\/ringside-zone.com\/en\/ueber-uns\/","title":{"rendered":"\u00dcber uns"},"content":{"rendered":"<div data-elementor-type=\"wp-page\" data-elementor-id=\"4485\" class=\"elementor elementor-4485\" data-elementor-post-type=\"page\">\n\t\t\t\t<div class=\"elementor-element elementor-element-5b54355 e-con-full e-flex no wpr-particle-no wpr-jarallax-no wpr-parallax-no wpr-sticky-section-no wpr-equal-height-no e-con e-parent\" data-id=\"5b54355\" data-element_type=\"container\" data-e-type=\"container\" data-settings=\"{&quot;background_background&quot;:&quot;classic&quot;}\">\n\t\t\t\t<div class=\"elementor-element elementor-element-6d62ce9 elementor-widget elementor-widget-ms-hero\" data-id=\"6d62ce9\" data-element_type=\"widget\" data-e-type=\"widget\" data-widget_type=\"ms-hero.default\">\n\t\t\t\t<div class=\"elementor-widget-container\">\n\t\t\t\t\t\r\n        <section class=\"ms-hero\" id=\"6d62ce9\">\r\n\r\n                            <div class=\"hero-overlay\"><\/div>\r\n            \r\n                            <div class=\"ms-parallax\" data-speed=\"0.9\" data-type=\"scroll\">\r\n\r\n                                            <img decoding=\"async\" class=\"jarallax-img\" src=\"https:\/\/ringside-zone.com\/wp-content\/uploads\/2025\/03\/Abendstimmung-scaled.jpg\" alt=\"\">\r\n                    \r\n                                    <\/div>\r\n            \r\n            \r\n                \r\n                \r\n            \r\n        <\/section>\r\n\r\n    \t\t\t\t<\/div>\n\t\t\t\t<\/div>\n\t\t\t\t<\/div>\n\t\t<div class=\"elementor-element elementor-element-7204988 e-flex e-con-boxed wpr-particle-no wpr-jarallax-no wpr-parallax-no wpr-sticky-section-no wpr-equal-height-no e-con e-parent\" data-id=\"7204988\" data-element_type=\"container\" data-e-type=\"container\">\n\t\t\t\t\t<div class=\"e-con-inner\">\n\t\t<div data-scroll=\"\" data-scroll-offset=\"20%,0\" data-scroll-speed=\"0.1\" class=\"elementor-element elementor-element-e90dd31 e-con-full yes 0.1 e-flex wpr-particle-no wpr-jarallax-no wpr-parallax-no wpr-sticky-section-no wpr-equal-height-no e-con e-child\" data-id=\"e90dd31\" data-element_type=\"container\" data-e-type=\"container\">\n\t\t\t\t<div class=\"elementor-element elementor-element-65d2c3f elementor-widget elementor-widget-heading\" data-id=\"65d2c3f\" data-element_type=\"widget\" data-e-type=\"widget\" data-widget_type=\"heading.default\">\n\t\t\t\t<div class=\"elementor-widget-container\">\n\t\t\t\t\t<h2 class=\"elementor-heading-title elementor-size-default\">\u00dcBER UNS<\/h2>\t\t\t\t<\/div>\n\t\t\t\t<\/div>\n\t\t\t\t<\/div>\n\t\t\t\t\t<\/div>\n\t\t\t\t<\/div>\n\t\t\t\t<section class=\"elementor-section elementor-top-section elementor-element elementor-element-d3335e3 elementor-section-boxed elementor-section-height-default elementor-section-height-default wpr-particle-no wpr-jarallax-no wpr-parallax-no wpr-sticky-section-no wpr-equal-height-no\" data-id=\"d3335e3\" data-element_type=\"section\" data-e-type=\"section\">\n\t\t\t\t\t\t<div class=\"elementor-container elementor-column-gap-default\">\n\t\t\t\t\t<div class=\"elementor-column elementor-col-50 elementor-top-column elementor-element elementor-element-2493565\" data-id=\"2493565\" data-element_type=\"column\" data-e-type=\"column\">\n\t\t\t<div class=\"elementor-widget-wrap elementor-element-populated\">\n\t\t\t\t\t\t<div class=\"elementor-element elementor-element-f6744f7 elementor-widget elementor-widget-heading\" data-id=\"f6744f7\" data-element_type=\"widget\" data-e-type=\"widget\" data-widget_type=\"heading.default\">\n\t\t\t\t<div class=\"elementor-widget-container\">\n\t\t\t\t\t<h2 class=\"elementor-heading-title elementor-size-default\">NEUE \u00c4RA DES<\/h2>\t\t\t\t<\/div>\n\t\t\t\t<\/div>\n\t\t\t\t<div class=\"elementor-element elementor-element-e5490c2 elementor-widget elementor-widget-heading\" data-id=\"e5490c2\" data-element_type=\"widget\" data-e-type=\"widget\" data-widget_type=\"heading.default\">\n\t\t\t\t<div class=\"elementor-widget-container\">\n\t\t\t\t\t<h2 class=\"elementor-heading-title elementor-size-default\">Deutschen Boxens<\/h2>\t\t\t\t<\/div>\n\t\t\t\t<\/div>\n\t\t\t\t<div class=\"elementor-element elementor-element-5e27793 elementor-widget elementor-widget-text-editor\" data-id=\"5e27793\" data-element_type=\"widget\" data-e-type=\"widget\" data-widget_type=\"text-editor.default\">\n\t\t\t\t<div class=\"elementor-widget-container\">\n\t\t\t\t\t\t\t\t\t<p><span style=\"color: #e0e0e0;\">Ein neuer Ansatz f\u00fcr den Boxsport &#8211; modern, dynamisch und zukunftsorientiert. Durch nachhaltige Entwicklung und gezielte Nachwuchsf\u00f6rderung wird eine Plattform geschaffen, die begeistert, inspiriert und neue Ma\u00dfst\u00e4be setzt. Der deutsche Boxsport muss wiederbelebt und in eine erfolgreiche Zukunft gef\u00fchrt werden.<\/span><\/p>\t\t\t\t\t\t\t\t<\/div>\n\t\t\t\t<\/div>\n\t\t\t\t\t<\/div>\n\t\t<\/div>\n\t\t\t\t<div class=\"elementor-column elementor-col-50 elementor-top-column elementor-element elementor-element-4f46b66 elementor-hidden-phone\" data-id=\"4f46b66\" data-element_type=\"column\" data-e-type=\"column\">\n\t\t\t<div class=\"elementor-widget-wrap elementor-element-populated\">\n\t\t\t\t\t\t<div class=\"elementor-element elementor-element-099e06c elementor-widget elementor-widget-image\" data-id=\"099e06c\" data-element_type=\"widget\" data-e-type=\"widget\" data-widget_type=\"image.default\">\n\t\t\t\t<div class=\"elementor-widget-container\">\n\t\t\t\t\t\t\t\t\t\t\t\t\t\t\t<img fetchpriority=\"high\" decoding=\"async\" width=\"491\" height=\"327\" src=\"https:\/\/ringside-zone.com\/wp-content\/uploads\/2025\/03\/AboutUs-1.jpg\" class=\"attachment-full size-full wp-image-6069\" alt=\"\" srcset=\"https:\/\/ringside-zone.com\/wp-content\/uploads\/2025\/03\/AboutUs-1.jpg 491w, https:\/\/ringside-zone.com\/wp-content\/uploads\/2025\/03\/AboutUs-1-300x200.jpg 300w, https:\/\/ringside-zone.com\/wp-content\/uploads\/2025\/03\/AboutUs-1-18x12.jpg 18w, https:\/\/ringside-zone.com\/wp-content\/uploads\/2025\/03\/AboutUs-1-400x266.jpg 400w\" sizes=\"(max-width: 491px) 100vw, 491px\" \/>\t\t\t\t\t\t\t\t\t\t\t\t\t\t\t<\/div>\n\t\t\t\t<\/div>\n\t\t\t\t\t<\/div>\n\t\t<\/div>\n\t\t\t\t\t<\/div>\n\t\t<\/section>\n\t\t<div class=\"elementor-element elementor-element-6b7fbce e-flex e-con-boxed no wpr-particle-no wpr-jarallax-no wpr-parallax-no wpr-sticky-section-no wpr-equal-height-no e-con e-parent\" data-id=\"6b7fbce\" data-element_type=\"container\" data-e-type=\"container\">\n\t\t\t\t\t<div class=\"e-con-inner\">\n\t\t<div class=\"elementor-element elementor-element-64dd8c9 e-con-full e-flex no wpr-particle-no wpr-jarallax-no wpr-parallax-no wpr-sticky-section-no wpr-equal-height-no e-con e-child\" data-id=\"64dd8c9\" data-element_type=\"container\" data-e-type=\"container\">\n\t\t\t\t<div class=\"elementor-element elementor-element-0e33fa6 elementor-widget elementor-widget-image\" data-id=\"0e33fa6\" data-element_type=\"widget\" data-e-type=\"widget\" data-widget_type=\"image.default\">\n\t\t\t\t<div class=\"elementor-widget-container\">\n\t\t\t\t\t\t\t\t\t\t\t\t\t\t\t<img decoding=\"async\" width=\"512\" height=\"512\" src=\"https:\/\/ringside-zone.com\/wp-content\/uploads\/2025\/02\/boxhandschuh-1.png\" class=\"attachment-large size-large wp-image-4881\" alt=\"\" srcset=\"https:\/\/ringside-zone.com\/wp-content\/uploads\/2025\/02\/boxhandschuh-1.png 512w, https:\/\/ringside-zone.com\/wp-content\/uploads\/2025\/02\/boxhandschuh-1-300x300.png 300w, https:\/\/ringside-zone.com\/wp-content\/uploads\/2025\/02\/boxhandschuh-1-150x150.png 150w, https:\/\/ringside-zone.com\/wp-content\/uploads\/2025\/02\/boxhandschuh-1-268x268.png 268w, https:\/\/ringside-zone.com\/wp-content\/uploads\/2025\/02\/boxhandschuh-1-420x420.png 420w, https:\/\/ringside-zone.com\/wp-content\/uploads\/2025\/02\/boxhandschuh-1-90x90.png 90w\" sizes=\"(max-width: 512px) 100vw, 512px\" \/>\t\t\t\t\t\t\t\t\t\t\t\t\t\t\t<\/div>\n\t\t\t\t<\/div>\n\t\t\t\t<div class=\"elementor-element elementor-element-7865ac0 elementor-widget elementor-widget-heading\" data-id=\"7865ac0\" data-element_type=\"widget\" data-e-type=\"widget\" data-widget_type=\"heading.default\">\n\t\t\t\t<div class=\"elementor-widget-container\">\n\t\t\t\t\t<h5 class=\"elementor-heading-title elementor-size-default\">BOXEN<\/h5>\t\t\t\t<\/div>\n\t\t\t\t<\/div>\n\t\t\t\t<div class=\"elementor-element elementor-element-99753cf elementor-widget elementor-widget-text-editor\" data-id=\"99753cf\" data-element_type=\"widget\" data-e-type=\"widget\" data-widget_type=\"text-editor.default\">\n\t\t\t\t<div class=\"elementor-widget-container\">\n\t\t\t\t\t\t\t\t\t<p>Spitzenk\u00e4mpfe auf h\u00f6chstem Niveau.<\/p>\t\t\t\t\t\t\t\t<\/div>\n\t\t\t\t<\/div>\n\t\t\t\t<\/div>\n\t\t<div class=\"elementor-element elementor-element-25fd29c e-con-full e-flex no wpr-particle-no wpr-jarallax-no wpr-parallax-no wpr-sticky-section-no wpr-equal-height-no e-con e-child\" data-id=\"25fd29c\" data-element_type=\"container\" data-e-type=\"container\">\n\t\t\t\t<div class=\"elementor-element elementor-element-a66e1aa elementor-widget elementor-widget-image\" data-id=\"a66e1aa\" data-element_type=\"widget\" data-e-type=\"widget\" data-widget_type=\"image.default\">\n\t\t\t\t<div class=\"elementor-widget-container\">\n\t\t\t\t\t\t\t\t\t\t\t\t\t\t\t<img decoding=\"async\" width=\"512\" height=\"512\" src=\"https:\/\/ringside-zone.com\/wp-content\/uploads\/2025\/02\/microphone.png\" class=\"attachment-large size-large wp-image-4882\" alt=\"\" srcset=\"https:\/\/ringside-zone.com\/wp-content\/uploads\/2025\/02\/microphone.png 512w, https:\/\/ringside-zone.com\/wp-content\/uploads\/2025\/02\/microphone-300x300.png 300w, https:\/\/ringside-zone.com\/wp-content\/uploads\/2025\/02\/microphone-150x150.png 150w, https:\/\/ringside-zone.com\/wp-content\/uploads\/2025\/02\/microphone-268x268.png 268w, https:\/\/ringside-zone.com\/wp-content\/uploads\/2025\/02\/microphone-420x420.png 420w, https:\/\/ringside-zone.com\/wp-content\/uploads\/2025\/02\/microphone-90x90.png 90w\" sizes=\"(max-width: 512px) 100vw, 512px\" \/>\t\t\t\t\t\t\t\t\t\t\t\t\t\t\t<\/div>\n\t\t\t\t<\/div>\n\t\t\t\t<div class=\"elementor-element elementor-element-8223720 elementor-widget elementor-widget-heading\" data-id=\"8223720\" data-element_type=\"widget\" data-e-type=\"widget\" data-widget_type=\"heading.default\">\n\t\t\t\t<div class=\"elementor-widget-container\">\n\t\t\t\t\t<h5 class=\"elementor-heading-title elementor-size-default\">ENTERTAINMENT<\/h5>\t\t\t\t<\/div>\n\t\t\t\t<\/div>\n\t\t\t\t<div class=\"elementor-element elementor-element-5de1fcf elementor-widget elementor-widget-text-editor\" data-id=\"5de1fcf\" data-element_type=\"widget\" data-e-type=\"widget\" data-widget_type=\"text-editor.default\">\n\t\t\t\t<div class=\"elementor-widget-container\">\n\t\t\t\t\t\t\t\t\t<p>Wir verbinden Sport und Unterhaltung.<\/p>\t\t\t\t\t\t\t\t<\/div>\n\t\t\t\t<\/div>\n\t\t\t\t<\/div>\n\t\t<div class=\"elementor-element elementor-element-def20d7 e-con-full e-flex no wpr-particle-no wpr-jarallax-no wpr-parallax-no wpr-sticky-section-no wpr-equal-height-no e-con e-child\" data-id=\"def20d7\" data-element_type=\"container\" data-e-type=\"container\">\n\t\t\t\t<div class=\"elementor-element elementor-element-d972be7 elementor-widget elementor-widget-image\" data-id=\"d972be7\" data-element_type=\"widget\" data-e-type=\"widget\" data-widget_type=\"image.default\">\n\t\t\t\t<div class=\"elementor-widget-container\">\n\t\t\t\t\t\t\t\t\t\t\t\t\t\t\t<img loading=\"lazy\" decoding=\"async\" width=\"512\" height=\"512\" src=\"https:\/\/ringside-zone.com\/wp-content\/uploads\/2025\/02\/solidarity.png\" class=\"attachment-large size-large wp-image-4884\" alt=\"\" srcset=\"https:\/\/ringside-zone.com\/wp-content\/uploads\/2025\/02\/solidarity.png 512w, https:\/\/ringside-zone.com\/wp-content\/uploads\/2025\/02\/solidarity-300x300.png 300w, https:\/\/ringside-zone.com\/wp-content\/uploads\/2025\/02\/solidarity-150x150.png 150w, https:\/\/ringside-zone.com\/wp-content\/uploads\/2025\/02\/solidarity-268x268.png 268w, https:\/\/ringside-zone.com\/wp-content\/uploads\/2025\/02\/solidarity-420x420.png 420w, https:\/\/ringside-zone.com\/wp-content\/uploads\/2025\/02\/solidarity-90x90.png 90w\" sizes=\"(max-width: 512px) 100vw, 512px\" \/>\t\t\t\t\t\t\t\t\t\t\t\t\t\t\t<\/div>\n\t\t\t\t<\/div>\n\t\t\t\t<div class=\"elementor-element elementor-element-e5999bc elementor-widget elementor-widget-heading\" data-id=\"e5999bc\" data-element_type=\"widget\" data-e-type=\"widget\" data-widget_type=\"heading.default\">\n\t\t\t\t<div class=\"elementor-widget-container\">\n\t\t\t\t\t<h5 class=\"elementor-heading-title elementor-size-default\">WOHLT\u00c4TIGKEIT<\/h5>\t\t\t\t<\/div>\n\t\t\t\t<\/div>\n\t\t\t\t<div class=\"elementor-element elementor-element-dbdd07c elementor-widget elementor-widget-text-editor\" data-id=\"dbdd07c\" data-element_type=\"widget\" data-e-type=\"widget\" data-widget_type=\"text-editor.default\">\n\t\t\t\t<div class=\"elementor-widget-container\">\n\t\t\t\t\t\t\t\t\t<p>Ein Teil unserer Aufgabe ist es, etwas zur\u00fcckzugeben.<\/p>\t\t\t\t\t\t\t\t<\/div>\n\t\t\t\t<\/div>\n\t\t\t\t<\/div>\n\t\t<div class=\"elementor-element elementor-element-b203d60 e-con-full e-flex no wpr-particle-no wpr-jarallax-no wpr-parallax-no wpr-sticky-section-no wpr-equal-height-no e-con e-child\" data-id=\"b203d60\" data-element_type=\"container\" data-e-type=\"container\">\n\t\t\t\t<div class=\"elementor-element elementor-element-136ab7f elementor-widget elementor-widget-image\" data-id=\"136ab7f\" data-element_type=\"widget\" data-e-type=\"widget\" data-widget_type=\"image.default\">\n\t\t\t\t<div class=\"elementor-widget-container\">\n\t\t\t\t\t\t\t\t\t\t\t\t\t\t\t<img loading=\"lazy\" decoding=\"async\" width=\"512\" height=\"512\" src=\"https:\/\/ringside-zone.com\/wp-content\/uploads\/2025\/02\/collaboration.png\" class=\"attachment-large size-large wp-image-4883\" alt=\"\" srcset=\"https:\/\/ringside-zone.com\/wp-content\/uploads\/2025\/02\/collaboration.png 512w, https:\/\/ringside-zone.com\/wp-content\/uploads\/2025\/02\/collaboration-300x300.png 300w, https:\/\/ringside-zone.com\/wp-content\/uploads\/2025\/02\/collaboration-150x150.png 150w, https:\/\/ringside-zone.com\/wp-content\/uploads\/2025\/02\/collaboration-268x268.png 268w, https:\/\/ringside-zone.com\/wp-content\/uploads\/2025\/02\/collaboration-420x420.png 420w, https:\/\/ringside-zone.com\/wp-content\/uploads\/2025\/02\/collaboration-90x90.png 90w\" sizes=\"(max-width: 512px) 100vw, 512px\" \/>\t\t\t\t\t\t\t\t\t\t\t\t\t\t\t<\/div>\n\t\t\t\t<\/div>\n\t\t\t\t<div class=\"elementor-element elementor-element-264f870 elementor-widget elementor-widget-heading\" data-id=\"264f870\" data-element_type=\"widget\" data-e-type=\"widget\" data-widget_type=\"heading.default\">\n\t\t\t\t<div class=\"elementor-widget-container\">\n\t\t\t\t\t<h5 class=\"elementor-heading-title elementor-size-default\">NETZWERK<\/h5>\t\t\t\t<\/div>\n\t\t\t\t<\/div>\n\t\t\t\t<div class=\"elementor-element elementor-element-23bbc22 elementor-widget elementor-widget-text-editor\" data-id=\"23bbc22\" data-element_type=\"widget\" data-e-type=\"widget\" data-widget_type=\"text-editor.default\">\n\t\t\t\t<div class=\"elementor-widget-container\">\n\t\t\t\t\t\t\t\t\t<p>Exklusive Begegnungen und wertvolle Kontakte.<\/p>\t\t\t\t\t\t\t\t<\/div>\n\t\t\t\t<\/div>\n\t\t\t\t<\/div>\n\t\t\t\t\t<\/div>\n\t\t\t\t<\/div>\n\t\t<div class=\"elementor-element elementor-element-3fad950 e-flex e-con-boxed no wpr-particle-no wpr-jarallax-no wpr-parallax-no wpr-sticky-section-no wpr-equal-height-no e-con e-parent\" data-id=\"3fad950\" data-element_type=\"container\" data-e-type=\"container\">\n\t\t\t\t\t<div class=\"e-con-inner\">\n\t\t<div class=\"elementor-element elementor-element-48d1da2 e-con-full e-flex no wpr-particle-no wpr-jarallax-no wpr-parallax-no wpr-sticky-section-no wpr-equal-height-no e-con e-child\" data-id=\"48d1da2\" data-element_type=\"container\" data-e-type=\"container\">\n\t\t\t\t<div class=\"elementor-element elementor-element-b214e75 elementor-widget elementor-widget-image\" data-id=\"b214e75\" data-element_type=\"widget\" data-e-type=\"widget\" data-widget_type=\"image.default\">\n\t\t\t\t<div class=\"elementor-widget-container\">\n\t\t\t\t\t\t\t\t\t\t\t\t\t\t\t<img decoding=\"async\" src=\"https:\/\/ringside-zone.com\/wp-content\/uploads\/elementor\/thumbs\/RSZ_Chef_BW-2-1-rl1brk7s1gm9qxaxfo2unol379omztfbbp4ctzsj60.jpg\" title=\"RSZ_Chef_BW-2 (1)\" alt=\"RSZ_Chef_BW-2 (1)\" loading=\"lazy\" \/>\t\t\t\t\t\t\t\t\t\t\t\t\t\t\t<\/div>\n\t\t\t\t<\/div>\n\t\t\t\t<div class=\"elementor-element elementor-element-7c7d3fb elementor-widget elementor-widget-heading\" data-id=\"7c7d3fb\" data-element_type=\"widget\" data-e-type=\"widget\" data-widget_type=\"heading.default\">\n\t\t\t\t<div class=\"elementor-widget-container\">\n\t\t\t\t\t<h2 class=\"elementor-heading-title elementor-size-default\">FLORIAN WINTER<\/h2>\t\t\t\t<\/div>\n\t\t\t\t<\/div>\n\t\t\t\t<div class=\"elementor-element elementor-element-f43e669 elementor-widget elementor-widget-heading\" data-id=\"f43e669\" data-element_type=\"widget\" data-e-type=\"widget\" data-widget_type=\"heading.default\">\n\t\t\t\t<div class=\"elementor-widget-container\">\n\t\t\t\t\t<h2 class=\"elementor-heading-title elementor-size-default\">CEO\/Founder<\/h2>\t\t\t\t<\/div>\n\t\t\t\t<\/div>\n\t\t\t\t<\/div>\n\t\t<div class=\"elementor-element elementor-element-7c367e1 e-con-full e-flex no wpr-particle-no wpr-jarallax-no wpr-parallax-no wpr-sticky-section-no wpr-equal-height-no e-con e-child\" data-id=\"7c367e1\" data-element_type=\"container\" data-e-type=\"container\">\n\t\t\t\t<div class=\"elementor-element elementor-element-f671b70 elementor-widget elementor-widget-image\" data-id=\"f671b70\" data-element_type=\"widget\" data-e-type=\"widget\" data-widget_type=\"image.default\">\n\t\t\t\t<div class=\"elementor-widget-container\">\n\t\t\t\t\t\t\t\t\t\t\t\t\t\t\t<img decoding=\"async\" src=\"https:\/\/ringside-zone.com\/wp-content\/uploads\/elementor\/thumbs\/RSZ_Chef_BW-1-1-rl1brk7s1gm9qxaxfo2unol379omztfbbp4ctzsj60.jpg\" title=\"RSZ_Chef_BW-1 (1)\" alt=\"RSZ_Chef_BW-1 (1)\" loading=\"lazy\" \/>\t\t\t\t\t\t\t\t\t\t\t\t\t\t\t<\/div>\n\t\t\t\t<\/div>\n\t\t\t\t<div class=\"elementor-element elementor-element-6738c94 elementor-widget elementor-widget-heading\" data-id=\"6738c94\" data-element_type=\"widget\" data-e-type=\"widget\" data-widget_type=\"heading.default\">\n\t\t\t\t<div class=\"elementor-widget-container\">\n\t\t\t\t\t<h2 class=\"elementor-heading-title elementor-size-default\">DOMINIQUE ODIASE<\/h2>\t\t\t\t<\/div>\n\t\t\t\t<\/div>\n\t\t\t\t<div class=\"elementor-element elementor-element-5a675df elementor-widget elementor-widget-heading\" data-id=\"5a675df\" data-element_type=\"widget\" data-e-type=\"widget\" data-widget_type=\"heading.default\">\n\t\t\t\t<div class=\"elementor-widget-container\">\n\t\t\t\t\t<h2 class=\"elementor-heading-title elementor-size-default\">Partner<\/h2>\t\t\t\t<\/div>\n\t\t\t\t<\/div>\n\t\t\t\t<\/div>\n\t\t\t\t\t<\/div>\n\t\t\t\t<\/div>\n\t\t<div class=\"elementor-element elementor-element-4191c1e e-con-full e-flex no wpr-particle-no wpr-jarallax-no wpr-parallax-no wpr-sticky-section-no wpr-equal-height-no e-con e-parent\" data-id=\"4191c1e\" data-element_type=\"container\" data-e-type=\"container\">\n\t\t\t\t<div class=\"elementor-element elementor-element-bc09259 elementor-widget elementor-widget-ms_text_ticker\" data-id=\"bc09259\" data-element_type=\"widget\" data-e-type=\"widget\" data-widget_type=\"ms_text_ticker.default\">\n\t\t\t\t<div class=\"elementor-widget-container\">\n\t\t\t\t\t        <div class=\"ms-text-ticker\">\r\n            <div id=\"bc09259\" class=\"ms-tt-wrap s-d\" data-scroll-css-progress=\"\" data-scroll=\"\" data-direction=\"left\" style=\"--speed:3\">\r\n                <div>\r\n\r\n                    <ul class=\"ms-tt\">\r\n\r\n                                                <li class=\"ms-tt__text\">RINGSIDE ZONE <span>19.07.2025<\/span> SNP DOME HEIDELBERG&nbsp;<\/li>\r\n                                                            <li class=\"ms-tt__text img\"><img decoding=\"async\" src=\"https:\/\/ringside-zone.com\/wp-content\/uploads\/2025\/03\/RSZ_Logo.svg\"\/><\/li>\r\n                                                                                <li class=\"ms-tt__text\">RINGSIDE ZONE <span>19.07.2025<\/span> SNP DOME HEIDELBERG&nbsp;<\/li>\r\n                                                            <li class=\"ms-tt__text img\"><img decoding=\"async\" src=\"https:\/\/ringside-zone.com\/wp-content\/uploads\/2025\/03\/RSZ_Logo.svg\"\/><\/li>\r\n                                                                                <li class=\"ms-tt__text\">RINGSIDE ZONE <span>19.07.2025<\/span> SNP DOME HEIDELBERG&nbsp;<\/li>\r\n                                                            <li class=\"ms-tt__text img\"><img decoding=\"async\" src=\"https:\/\/ringside-zone.com\/wp-content\/uploads\/2025\/03\/RSZ_Logo.svg\"\/><\/li>\r\n                                                                                <li class=\"ms-tt__text\">RINGSIDE ZONE <span>19.07.2025<\/span> SNP DOME HEIDELBERG&nbsp;<\/li>\r\n                                                            <li class=\"ms-tt__text img\"><img decoding=\"async\" src=\"https:\/\/ringside-zone.com\/wp-content\/uploads\/2025\/03\/RSZ_Logo.svg\"\/><\/li>\r\n                                                                                <li class=\"ms-tt__text\">RINGSIDE ZONE <span>19.07.2025<\/span> SNP DOME HEIDELBERG&nbsp;<\/li>\r\n                                                            <li class=\"ms-tt__text img\"><img decoding=\"async\" src=\"https:\/\/ringside-zone.com\/wp-content\/uploads\/2025\/03\/RSZ_Logo.svg\"\/><\/li>\r\n                                                                                <li class=\"ms-tt__text\">RINGSIDE ZONE <span>19.07.2025<\/span> SNP DOME HEIDELBERG&nbsp;<\/li>\r\n                                                            <li class=\"ms-tt__text img\"><img decoding=\"async\" src=\"https:\/\/ringside-zone.com\/wp-content\/uploads\/2025\/03\/RSZ_Logo.svg\"\/><\/li>\r\n                                                        \r\n                    <\/ul>\r\n                    \r\n                <\/div>\r\n            <\/div>\r\n        <\/div>\r\n        \t\t\t\t<\/div>\n\t\t\t\t<\/div>\n\t\t\t\t<div class=\"elementor-element elementor-element-ad94e2a elementor-widget elementor-widget-ms_text_ticker\" data-id=\"ad94e2a\" data-element_type=\"widget\" data-e-type=\"widget\" data-widget_type=\"ms_text_ticker.default\">\n\t\t\t\t<div class=\"elementor-widget-container\">\n\t\t\t\t\t        <div class=\"ms-text-ticker\">\r\n            <div id=\"ad94e2a\" class=\"ms-tt-wrap s-d\" data-scroll-css-progress=\"\" data-scroll=\"\" data-direction=\"right\" style=\"--speed:3\">\r\n                <div>\r\n\r\n                    <ul class=\"ms-tt\">\r\n\r\n                                                <li class=\"ms-tt__text\">SNP DOME HEIDELBERG <span>19.07.2025<\/span> RINGSIDE ZONE&nbsp;<\/li>\r\n                                                            <li class=\"ms-tt__text img\"><img decoding=\"async\" src=\"https:\/\/ringside-zone.com\/wp-content\/uploads\/2025\/03\/RSZ_Logo.svg\"\/><\/li>\r\n                                                                                <li class=\"ms-tt__text\">SNP DOME HEIDELBERG <span>19.07.2025<\/span> RINGSIDE ZONE&nbsp;<\/li>\r\n                                                            <li class=\"ms-tt__text img\"><img decoding=\"async\" src=\"https:\/\/ringside-zone.com\/wp-content\/uploads\/2025\/03\/RSZ_Logo.svg\"\/><\/li>\r\n                                                                                <li class=\"ms-tt__text\">SNP DOME HEIDELBERG <span>19.07.2025<\/span> RINGSIDE ZONE&nbsp;<\/li>\r\n                                                            <li class=\"ms-tt__text img\"><img decoding=\"async\" src=\"https:\/\/ringside-zone.com\/wp-content\/uploads\/2025\/03\/RSZ_Logo.svg\"\/><\/li>\r\n                                                                                <li class=\"ms-tt__text\">SNP DOME HEIDELBERG <span>19.07.2025<\/span> RINGSIDE ZONE&nbsp;<\/li>\r\n                                                            <li class=\"ms-tt__text img\"><img decoding=\"async\" src=\"https:\/\/ringside-zone.com\/wp-content\/uploads\/2025\/03\/RSZ_Logo.svg\"\/><\/li>\r\n                                                                                <li class=\"ms-tt__text\">SNP DOME HEIDELBERG <span>19.07.2025<\/span> RINGSIDE ZONE&nbsp;<\/li>\r\n                                                            <li class=\"ms-tt__text img\"><img decoding=\"async\" src=\"https:\/\/ringside-zone.com\/wp-content\/uploads\/2025\/03\/RSZ_Logo.svg\"\/><\/li>\r\n                                                                                <li class=\"ms-tt__text\">SNP DOME HEIDELBERG <span>19.07.2025<\/span> RINGSIDE ZONE&nbsp;<\/li>\r\n                                                            <li class=\"ms-tt__text img\"><img decoding=\"async\" src=\"https:\/\/ringside-zone.com\/wp-content\/uploads\/2025\/03\/RSZ_Logo.svg\"\/><\/li>\r\n                                                        \r\n                    <\/ul>\r\n                    \r\n                <\/div>\r\n            <\/div>\r\n        <\/div>\r\n        \t\t\t\t<\/div>\n\t\t\t\t<\/div>\n\t\t\t\t<\/div>\n\t\t\t\t<\/div>","protected":false},"excerpt":{"rendered":"<p>\u00dcBER UNS NEUE \u00c4RA DES Deutschen Boxens Ein neuer Ansatz f\u00fcr den Boxsport &#8211; modern, dynamisch und zukunftsorientiert. Durch nachhaltige Entwicklung und gezielte Nachwuchsf\u00f6rderung<\/p>","protected":false},"author":1,"featured_media":0,"parent":0,"menu_order":0,"comment_status":"closed","ping_status":"closed","template":"page-custom.php","meta":{"_acf_changed":false,"_monsterinsights_skip_tracking":false,"_monsterinsights_sitenote_active":false,"_monsterinsights_sitenote_note":"","_monsterinsights_sitenote_category":0,"footnotes":""},"class_list":["post-4485","page","type-page","status-publish","hentry"],"acf":{"choi\u0441e_menu_page":"custom_menu_page","full_width":true,"header_transparent":true,"header_white":true,"menu_type_page":"default","menu_align_page":"center"},"aioseo_notices":[],"_links":{"self":[{"href":"https:\/\/ringside-zone.com\/en\/wp-json\/wp\/v2\/pages\/4485","targetHints":{"allow":["GET"]}}],"collection":[{"href":"https:\/\/ringside-zone.com\/en\/wp-json\/wp\/v2\/pages"}],"about":[{"href":"https:\/\/ringside-zone.com\/en\/wp-json\/wp\/v2\/types\/page"}],"author":[{"embeddable":true,"href":"https:\/\/ringside-zone.com\/en\/wp-json\/wp\/v2\/users\/1"}],"replies":[{"embeddable":true,"href":"https:\/\/ringside-zone.com\/en\/wp-json\/wp\/v2\/comments?post=4485"}],"version-history":[{"count":82,"href":"https:\/\/ringside-zone.com\/en\/wp-json\/wp\/v2\/pages\/4485\/revisions"}],"predecessor-version":[{"id":19028,"href":"https:\/\/ringside-zone.com\/en\/wp-json\/wp\/v2\/pages\/4485\/revisions\/19028"}],"wp:attachment":[{"href":"https:\/\/ringside-zone.com\/en\/wp-json\/wp\/v2\/media?parent=4485"}],"curies":[{"name":"wp","href":"https:\/\/api.w.org\/{rel}","templated":true}]}}