{"id":4480,"date":"2025-02-26T00:08:30","date_gmt":"2025-02-26T00:08:30","guid":{"rendered":"https:\/\/ringside-zone.com\/?page_id=4480"},"modified":"2026-04-30T11:20:43","modified_gmt":"2026-04-30T09:20:43","slug":"wohltaetigkeit","status":"publish","type":"page","link":"https:\/\/ringside-zone.com\/en\/wohltaetigkeit\/","title":{"rendered":"Wohlt\u00e4tigkeit"},"content":{"rendered":"<div data-elementor-type=\"wp-page\" data-elementor-id=\"4480\" class=\"elementor elementor-4480\" data-elementor-post-type=\"page\">\n\t\t\t\t<div class=\"elementor-element elementor-element-c0bf94d e-con-full elementor-hidden-tablet elementor-hidden-mobile elementor-hidden-tablet_extra e-flex no wpr-particle-no wpr-jarallax-no wpr-parallax-no wpr-sticky-section-no wpr-equal-height-no e-con e-parent\" data-id=\"c0bf94d\" data-element_type=\"container\" data-e-type=\"container\" data-settings=\"{&quot;background_background&quot;:&quot;classic&quot;}\">\n\t\t\t\t<\/div>\n\t\t<div class=\"elementor-element elementor-element-4c26bd7 e-flex e-con-boxed wpr-particle-no wpr-jarallax-no wpr-parallax-no wpr-sticky-section-no wpr-equal-height-no e-con e-parent\" data-id=\"4c26bd7\" data-element_type=\"container\" data-e-type=\"container\">\n\t\t\t\t\t<div class=\"e-con-inner\">\n\t\t<div data-scroll=\"\" data-scroll-offset=\"20%,0\" data-scroll-speed=\"0.1\" class=\"elementor-element elementor-element-f89f7f4 e-con-full yes 0.1 e-flex wpr-particle-no wpr-jarallax-no wpr-parallax-no wpr-sticky-section-no wpr-equal-height-no e-con e-child\" data-id=\"f89f7f4\" data-element_type=\"container\" data-e-type=\"container\">\n\t\t\t\t<div class=\"elementor-element elementor-element-0425276 elementor-widget elementor-widget-heading\" data-id=\"0425276\" data-element_type=\"widget\" data-e-type=\"widget\" data-widget_type=\"heading.default\">\n\t\t\t\t<div class=\"elementor-widget-container\">\n\t\t\t\t\t<h2 class=\"elementor-heading-title elementor-size-default\">Charity<\/h2>\t\t\t\t<\/div>\n\t\t\t\t<\/div>\n\t\t\t\t<\/div>\n\t\t\t\t\t<\/div>\n\t\t\t\t<\/div>\n\t\t<div class=\"elementor-element elementor-element-908d4ab e-flex e-con-boxed no wpr-particle-no wpr-jarallax-no wpr-parallax-no wpr-sticky-section-no wpr-equal-height-no e-con e-parent\" data-id=\"908d4ab\" data-element_type=\"container\" data-e-type=\"container\">\n\t\t\t\t\t<div class=\"e-con-inner\">\n\t\t<div class=\"elementor-element elementor-element-8dbab05 e-con-full e-flex no wpr-particle-no wpr-jarallax-no wpr-parallax-no wpr-sticky-section-no wpr-equal-height-no e-con e-child\" data-id=\"8dbab05\" data-element_type=\"container\" data-e-type=\"container\">\n\t\t\t\t<div class=\"elementor-element elementor-element-2731ca9 elementor-widget elementor-widget-heading\" data-id=\"2731ca9\" data-element_type=\"widget\" data-e-type=\"widget\" data-widget_type=\"heading.default\">\n\t\t\t\t<div class=\"elementor-widget-container\">\n\t\t\t\t\t<h2 class=\"elementor-heading-title elementor-size-default\">Anpfiff ins Leben <\/h2>\t\t\t\t<\/div>\n\t\t\t\t<\/div>\n\t\t\t\t<div class=\"elementor-element elementor-element-9edbe6c elementor-widget elementor-widget-text-editor\" data-id=\"9edbe6c\" data-element_type=\"widget\" data-e-type=\"widget\" data-widget_type=\"text-editor.default\">\n\t\t\t\t<div class=\"elementor-widget-container\">\n\t\t\t\t\t\t\t\t\t<p>Als Entwickler und Vorreiter der 360\u00b0-Jugendsportfo\u0308rderung schafft Anpfiff ins Leben e.V. seit u\u0308ber 20 Jahren Perspektiven f\u00fcr junge Sportler und bietet ihnen dabei individuelle Unterstu\u0308tzung durch professionelle Begleitung in den Bereichen Sport, Schule, Beruf und Soziales. Dabei nutzt Anpfiff ins Leben den Sport als Motor und Impulsgeber fu\u0308r die Kompetenz- und Perso\u0308nlichkeitsentwicklung der Kinder und Jugendlichen. So schafft die Organisation wertvolle Perspektiven fu\u0308r das weitere Leben der jungen Menschen.<\/p>\t\t\t\t\t\t\t\t<\/div>\n\t\t\t\t<\/div>\n\t\t\t\t<\/div>\n\t\t<div class=\"elementor-element elementor-element-87264a2 e-con-full e-flex no wpr-particle-no wpr-jarallax-no wpr-parallax-no wpr-sticky-section-no wpr-equal-height-no e-con e-child\" data-id=\"87264a2\" data-element_type=\"container\" data-e-type=\"container\">\n\t\t\t\t<div class=\"elementor-element elementor-element-56c49ac elementor-widget elementor-widget-image\" data-id=\"56c49ac\" data-element_type=\"widget\" data-e-type=\"widget\" data-widget_type=\"image.default\">\n\t\t\t\t<div class=\"elementor-widget-container\">\n\t\t\t\t\t\t\t\t\t\t\t\t\t\t\t<img fetchpriority=\"high\" decoding=\"async\" width=\"1024\" height=\"576\" src=\"https:\/\/ringside-zone.com\/wp-content\/uploads\/2025\/03\/Abpfiff-1024x576.jpg\" class=\"attachment-large size-large wp-image-5388\" alt=\"\" srcset=\"https:\/\/ringside-zone.com\/wp-content\/uploads\/2025\/03\/Abpfiff-1024x576.jpg 1024w, https:\/\/ringside-zone.com\/wp-content\/uploads\/2025\/03\/Abpfiff-300x169.jpg 300w, https:\/\/ringside-zone.com\/wp-content\/uploads\/2025\/03\/Abpfiff-768x432.jpg 768w, https:\/\/ringside-zone.com\/wp-content\/uploads\/2025\/03\/Abpfiff-1536x864.jpg 1536w, https:\/\/ringside-zone.com\/wp-content\/uploads\/2025\/03\/Abpfiff-400x225.jpg 400w, https:\/\/ringside-zone.com\/wp-content\/uploads\/2025\/03\/Abpfiff-1120x630.jpg 1120w, https:\/\/ringside-zone.com\/wp-content\/uploads\/2025\/03\/Abpfiff.jpg 1920w\" sizes=\"(max-width: 1024px) 100vw, 1024px\" \/>\t\t\t\t\t\t\t\t\t\t\t\t\t\t\t<\/div>\n\t\t\t\t<\/div>\n\t\t\t\t<\/div>\n\t\t<div class=\"elementor-element elementor-element-ab92923 e-con-full e-flex no wpr-particle-no wpr-jarallax-no wpr-parallax-no wpr-sticky-section-no wpr-equal-height-no e-con e-child\" data-id=\"ab92923\" data-element_type=\"container\" data-e-type=\"container\">\n\t\t\t\t<div class=\"elementor-element elementor-element-55a28fc elementor-widget elementor-widget-text-editor\" data-id=\"55a28fc\" data-element_type=\"widget\" data-e-type=\"widget\" data-widget_type=\"text-editor.default\">\n\t\t\t\t<div class=\"elementor-widget-container\">\n\t\t\t\t\t\t\t\t\t<p><br \/>Es ist die U\u0308berzeugung von Anpfiff ins Leben, dass die ganzheitliche und in der Gemeinschaft umgesetzte 360\u00b0-Jugendsportfo\u0308rderung das Erfolgsrezept nachhaltiger Vereinsarbeit ist. Deshalb coacht die Organisation Sportvereine sowohl bei der Bewa\u0308ltigung aktueller Herausforderungen wie auch in der Entwicklung von individuellen Zukunftsstrategien und begleitet sie bei deren Umsetzung \u2013 bundesweit, unabha\u0308ngig von Sportart, Vereinsgr\u00f6\u00dfe und Leistungsniveau.<br \/>Mo\u0308glich wird all das dank des leidenschaftlichen Einsatzes der Mitarbeitenden und des weitsichtigen gesellschaftlichen Engagements der vielen Unternehmen, die im Unterstu\u0308tzer-netzwerk von Anpfiff ins Leben sind. Mit ihnen setzt die Organisation zielgerichtete und wirkungsvolle\u00a0Initiativen\u00a0um.<\/p>\t\t\t\t\t\t\t\t<\/div>\n\t\t\t\t<\/div>\n\t\t\t\t<\/div>\n\t\t\t\t\t<\/div>\n\t\t\t\t<\/div>\n\t\t<div class=\"elementor-element elementor-element-f9c4a33 e-flex e-con-boxed no wpr-particle-no wpr-jarallax-no wpr-parallax-no wpr-sticky-section-no wpr-equal-height-no e-con e-parent\" data-id=\"f9c4a33\" data-element_type=\"container\" data-e-type=\"container\">\n\t\t\t\t\t<div class=\"e-con-inner\">\n\t\t<div class=\"elementor-element elementor-element-0dc44b4 e-con-full e-flex no wpr-particle-no wpr-jarallax-no wpr-parallax-no wpr-sticky-section-no wpr-equal-height-no e-con e-child\" data-id=\"0dc44b4\" data-element_type=\"container\" data-e-type=\"container\">\n\t\t\t\t<div class=\"elementor-element elementor-element-4aaee44 elementor-widget elementor-widget-image\" data-id=\"4aaee44\" data-element_type=\"widget\" data-e-type=\"widget\" data-widget_type=\"image.default\">\n\t\t\t\t<div class=\"elementor-widget-container\">\n\t\t\t\t\t\t\t\t\t\t\t\t\t\t\t<img decoding=\"async\" width=\"1024\" height=\"576\" src=\"https:\/\/ringside-zone.com\/wp-content\/uploads\/2025\/03\/Klitschko-1024x576.jpg\" class=\"attachment-large size-large wp-image-5389\" alt=\"\" srcset=\"https:\/\/ringside-zone.com\/wp-content\/uploads\/2025\/03\/Klitschko-1024x576.jpg 1024w, https:\/\/ringside-zone.com\/wp-content\/uploads\/2025\/03\/Klitschko-300x169.jpg 300w, https:\/\/ringside-zone.com\/wp-content\/uploads\/2025\/03\/Klitschko-768x432.jpg 768w, https:\/\/ringside-zone.com\/wp-content\/uploads\/2025\/03\/Klitschko-1536x864.jpg 1536w, https:\/\/ringside-zone.com\/wp-content\/uploads\/2025\/03\/Klitschko-400x225.jpg 400w, https:\/\/ringside-zone.com\/wp-content\/uploads\/2025\/03\/Klitschko-1120x630.jpg 1120w, https:\/\/ringside-zone.com\/wp-content\/uploads\/2025\/03\/Klitschko.jpg 1920w\" sizes=\"(max-width: 1024px) 100vw, 1024px\" \/>\t\t\t\t\t\t\t\t\t\t\t\t\t\t\t<\/div>\n\t\t\t\t<\/div>\n\t\t\t\t<\/div>\n\t\t<div class=\"elementor-element elementor-element-bbd0342 e-con-full e-flex no wpr-particle-no wpr-jarallax-no wpr-parallax-no wpr-sticky-section-no wpr-equal-height-no e-con e-child\" data-id=\"bbd0342\" data-element_type=\"container\" data-e-type=\"container\">\n\t\t\t\t<div class=\"elementor-element elementor-element-bae3783 elementor-widget elementor-widget-heading\" data-id=\"bae3783\" data-element_type=\"widget\" data-e-type=\"widget\" data-widget_type=\"heading.default\">\n\t\t\t\t<div class=\"elementor-widget-container\">\n\t\t\t\t\t<h2 class=\"elementor-heading-title elementor-size-default\">Klitschko Foundation<\/h2>\t\t\t\t<\/div>\n\t\t\t\t<\/div>\n\t\t\t\t<div class=\"elementor-element elementor-element-0cf8f23 elementor-widget elementor-widget-text-editor\" data-id=\"0cf8f23\" data-element_type=\"widget\" data-e-type=\"widget\" data-widget_type=\"text-editor.default\">\n\t\t\t\t<div class=\"elementor-widget-container\">\n\t\t\t\t\t\t\t\t\t<p>Die Klitschko Foundation wurde mit dem Ziel gegr\u00fcndet, junge Menschen zu st\u00e4rken und ihnen die Werkzeuge f\u00fcr eine selbstbestimmte Zukunft zu geben. Durch Bildungsprogramme, Sportf\u00f6rderung und pers\u00f6nliche Entwicklung werden F\u00e4higkeiten wie mentale St\u00e4rke, Durchhalteverm\u00f6gen und Leadership vermittelt. Die Stiftung setzt sich daf\u00fcr ein, dass die n\u00e4chste Generation ihr Potenzial entfalten kann \u2013 inspiriert von der Disziplin und dem Erfolgswillen der Klitschko-Br\u00fcder.<\/p>\t\t\t\t\t\t\t\t<\/div>\n\t\t\t\t<\/div>\n\t\t\t\t<div class=\"elementor-element elementor-element-f1fe2cd elementor-widget elementor-widget-button\" data-id=\"f1fe2cd\" data-element_type=\"widget\" data-e-type=\"widget\" data-widget_type=\"button.default\">\n\t\t\t\t<div class=\"elementor-widget-container\">\n\t\t\t\t\t\t\t\t\t<div class=\"elementor-button-wrapper\">\n\t\t\t\t\t<a class=\"elementor-button elementor-button-link elementor-size-sm\" href=\"https:\/\/www.klitschkofoundation.org\/en\" target=\"_blank\">\n\t\t\t\t\t\t<span class=\"elementor-button-content-wrapper\">\n\t\t\t\t\t\t\t\t\t<span class=\"elementor-button-text\">Mehr<\/span>\n\t\t\t\t\t<\/span>\n\t\t\t\t\t<\/a>\n\t\t\t\t<\/div>\n\t\t\t\t\t\t\t\t<\/div>\n\t\t\t\t<\/div>\n\t\t\t\t<\/div>\n\t\t\t\t\t<\/div>\n\t\t\t\t<\/div>\n\t\t<div class=\"elementor-element elementor-element-3f94b32 e-flex e-con-boxed no wpr-particle-no wpr-jarallax-no wpr-parallax-no wpr-sticky-section-no wpr-equal-height-no e-con e-parent\" data-id=\"3f94b32\" data-element_type=\"container\" data-e-type=\"container\">\n\t\t\t\t\t<div class=\"e-con-inner\">\n\t\t<div class=\"elementor-element elementor-element-9c5b3a3 e-con-full e-flex no wpr-particle-no wpr-jarallax-no wpr-parallax-no wpr-sticky-section-no wpr-equal-height-no e-con e-child\" data-id=\"9c5b3a3\" data-element_type=\"container\" data-e-type=\"container\">\n\t\t\t\t<div class=\"elementor-element elementor-element-fdc7e51 elementor-widget elementor-widget-heading\" data-id=\"fdc7e51\" data-element_type=\"widget\" data-e-type=\"widget\" data-widget_type=\"heading.default\">\n\t\t\t\t<div class=\"elementor-widget-container\">\n\t\t\t\t\t<h2 class=\"elementor-heading-title elementor-size-default\">Heidelberger Herzstiftung<\/h2>\t\t\t\t<\/div>\n\t\t\t\t<\/div>\n\t\t\t\t<div class=\"elementor-element elementor-element-f1d82d1 elementor-widget elementor-widget-text-editor\" data-id=\"f1d82d1\" data-element_type=\"widget\" data-e-type=\"widget\" data-widget_type=\"text-editor.default\">\n\t\t\t\t<div class=\"elementor-widget-container\">\n\t\t\t\t\t\t\t\t\t<p>Die Heidelberger Herzstiftung setzt sich f\u00fcr eine nachhaltige Verbesserung der Versorgung von Herzpatienten ein und f\u00f6rdert zugleich Forschung, Weiterbildung und Aufkl\u00e4rung im Bereich kardiovaskul\u00e4rer Erkrankungen. Ihre Arbeit umfasst vier zentrale Schwerpunkte: Unterst\u00fctzung der Patientenversorgung, F\u00f6rderung von Wissenschaft und Fortbildung, Durchf\u00fchrung von Reanimationskursen sowie gezielte \u00d6ffentlichkeitsarbeit.<\/p><p>Auch unser Athlet Emanuel Odiase engagiert sich als Botschafter der Heidelberger Herzstiftung: \u201eF\u00fcr mich ist es eine Ehre und eine Herzensangelegenheit, als Botschafter Bewusstsein und Aufmerksamkeit darauf lenken zu k\u00f6nnen, wie wichtig die Arbeit der Heidelberger Herzstiftung ist. Herzerkrankungen z\u00e4hlen in Deutschland zu den h\u00e4ufigsten Todesursachen, aber viele Leben k\u00f6nnen gerettet werden. Geht zur Vorsorge und unterst\u00fctzt die Heidelberger Herzstiftung. Es geht um euer Herz.&#8220;<\/p>\t\t\t\t\t\t\t\t<\/div>\n\t\t\t\t<\/div>\n\t\t\t\t<div class=\"elementor-element elementor-element-0879561 elementor-widget elementor-widget-button\" data-id=\"0879561\" data-element_type=\"widget\" data-e-type=\"widget\" data-widget_type=\"button.default\">\n\t\t\t\t<div class=\"elementor-widget-container\">\n\t\t\t\t\t\t\t\t\t<div class=\"elementor-button-wrapper\">\n\t\t\t\t\t<a class=\"elementor-button elementor-button-link elementor-size-sm\" href=\"https:\/\/www.heidelberger-herz-stiftung.de\/\" target=\"_blank\">\n\t\t\t\t\t\t<span class=\"elementor-button-content-wrapper\">\n\t\t\t\t\t\t\t\t\t<span class=\"elementor-button-text\">Mehr<\/span>\n\t\t\t\t\t<\/span>\n\t\t\t\t\t<\/a>\n\t\t\t\t<\/div>\n\t\t\t\t\t\t\t\t<\/div>\n\t\t\t\t<\/div>\n\t\t\t\t<\/div>\n\t\t<div class=\"elementor-element elementor-element-44dbdbf e-con-full e-flex no wpr-particle-no wpr-jarallax-no wpr-parallax-no wpr-sticky-section-no wpr-equal-height-no e-con e-child\" data-id=\"44dbdbf\" data-element_type=\"container\" data-e-type=\"container\">\n\t\t\t\t<div class=\"elementor-element elementor-element-2a704bb elementor-widget elementor-widget-image\" data-id=\"2a704bb\" data-element_type=\"widget\" data-e-type=\"widget\" data-widget_type=\"image.default\">\n\t\t\t\t<div class=\"elementor-widget-container\">\n\t\t\t\t\t\t\t\t\t\t\t\t\t\t\t<img decoding=\"async\" width=\"1024\" height=\"576\" src=\"https:\/\/ringside-zone.com\/wp-content\/uploads\/2026\/04\/Emanuel-Odiase-und-Nina-Meinke-demonstrieren-bei-der-Heidelberger-Herzstiftung-Gala-2025-eine-Reanimation-1024x576.webp\" class=\"attachment-large size-large wp-image-20831\" alt=\"Emanuel Odiase und Nina Meinke demonstrieren bei der Heidelberger Herzstiftung Gala 2025 eine Reanimation\" srcset=\"https:\/\/ringside-zone.com\/wp-content\/uploads\/2026\/04\/Emanuel-Odiase-und-Nina-Meinke-demonstrieren-bei-der-Heidelberger-Herzstiftung-Gala-2025-eine-Reanimation-1024x576.webp 1024w, https:\/\/ringside-zone.com\/wp-content\/uploads\/2026\/04\/Emanuel-Odiase-und-Nina-Meinke-demonstrieren-bei-der-Heidelberger-Herzstiftung-Gala-2025-eine-Reanimation-300x169.webp 300w, https:\/\/ringside-zone.com\/wp-content\/uploads\/2026\/04\/Emanuel-Odiase-und-Nina-Meinke-demonstrieren-bei-der-Heidelberger-Herzstiftung-Gala-2025-eine-Reanimation-768x432.webp 768w, https:\/\/ringside-zone.com\/wp-content\/uploads\/2026\/04\/Emanuel-Odiase-und-Nina-Meinke-demonstrieren-bei-der-Heidelberger-Herzstiftung-Gala-2025-eine-Reanimation-1536x864.webp 1536w, https:\/\/ringside-zone.com\/wp-content\/uploads\/2026\/04\/Emanuel-Odiase-und-Nina-Meinke-demonstrieren-bei-der-Heidelberger-Herzstiftung-Gala-2025-eine-Reanimation-18x10.webp 18w, https:\/\/ringside-zone.com\/wp-content\/uploads\/2026\/04\/Emanuel-Odiase-und-Nina-Meinke-demonstrieren-bei-der-Heidelberger-Herzstiftung-Gala-2025-eine-Reanimation-400x225.webp 400w, https:\/\/ringside-zone.com\/wp-content\/uploads\/2026\/04\/Emanuel-Odiase-und-Nina-Meinke-demonstrieren-bei-der-Heidelberger-Herzstiftung-Gala-2025-eine-Reanimation-1120x630.webp 1120w, https:\/\/ringside-zone.com\/wp-content\/uploads\/2026\/04\/Emanuel-Odiase-und-Nina-Meinke-demonstrieren-bei-der-Heidelberger-Herzstiftung-Gala-2025-eine-Reanimation.webp 1920w\" sizes=\"(max-width: 1024px) 100vw, 1024px\" \/>\t\t\t\t\t\t\t\t\t\t\t\t\t\t\t<\/div>\n\t\t\t\t<\/div>\n\t\t\t\t<\/div>\n\t\t\t\t\t<\/div>\n\t\t\t\t<\/div>\n\t\t<div class=\"elementor-element elementor-element-3817b7a e-flex e-con-boxed no wpr-particle-no wpr-jarallax-no wpr-parallax-no wpr-sticky-section-no wpr-equal-height-no e-con e-parent\" data-id=\"3817b7a\" data-element_type=\"container\" data-e-type=\"container\" data-settings=\"{&quot;background_background&quot;:&quot;classic&quot;}\">\n\t\t\t\t\t<div class=\"e-con-inner\">\n\t\t<div class=\"elementor-element elementor-element-3349a82 e-con-full e-flex no wpr-particle-no wpr-jarallax-no wpr-parallax-no wpr-sticky-section-no wpr-equal-height-no e-con e-child\" data-id=\"3349a82\" data-element_type=\"container\" data-e-type=\"container\" data-settings=\"{&quot;background_background&quot;:&quot;classic&quot;}\">\n\t\t\t\t<div class=\"elementor-element elementor-element-15325ff elementor-widget elementor-widget-heading\" data-id=\"15325ff\" data-element_type=\"widget\" data-e-type=\"widget\" data-widget_type=\"heading.default\">\n\t\t\t\t<div class=\"elementor-widget-container\">\n\t\t\t\t\t<h2 class=\"elementor-heading-title elementor-size-default\">Charity Partner<\/h2>\t\t\t\t<\/div>\n\t\t\t\t<\/div>\n\t\t<div class=\"elementor-element elementor-element-20872bb e-con-full e-flex no wpr-particle-no wpr-jarallax-no wpr-parallax-no wpr-sticky-section-no wpr-equal-height-no e-con e-child\" data-id=\"20872bb\" data-element_type=\"container\" data-e-type=\"container\">\n\t\t<div class=\"elementor-element elementor-element-2477fcf e-con-full e-flex no wpr-particle-no wpr-jarallax-no wpr-parallax-no wpr-sticky-section-no wpr-equal-height-no e-con e-child\" data-id=\"2477fcf\" data-element_type=\"container\" data-e-type=\"container\" data-settings=\"{&quot;background_background&quot;:&quot;classic&quot;}\">\n\t\t\t\t<div class=\"elementor-element elementor-element-7e7f4a6 elementor-widget elementor-widget-image\" data-id=\"7e7f4a6\" data-element_type=\"widget\" data-e-type=\"widget\" data-widget_type=\"image.default\">\n\t\t\t\t<div class=\"elementor-widget-container\">\n\t\t\t\t\t\t\t\t\t\t\t\t\t\t\t\t<a href=\"https:\/\/www.anpfiffinsleben.de\/\" target=\"_blank\">\n\t\t\t\t\t\t\t<img decoding=\"async\" src=\"https:\/\/ringside-zone.com\/wp-content\/uploads\/elementor\/thumbs\/Ringside-Zone-Anpfiff-ins-Leben-Logo-rli69k1rojxwfqpo1wpdbtx8k8ktbctyx9n4ar0v0g.jpg\" title=\"Ringside Zone &#8211; Anpfiff ins Leben Logo\" alt=\"Ringside Zone - Anpfiff ins Leben Logo\" loading=\"lazy\" \/>\t\t\t\t\t\t\t\t<\/a>\n\t\t\t\t\t\t\t\t\t\t\t\t\t\t\t<\/div>\n\t\t\t\t<\/div>\n\t\t\t\t<\/div>\n\t\t<div class=\"elementor-element elementor-element-daeb910 e-con-full e-flex no wpr-particle-no wpr-jarallax-no wpr-parallax-no wpr-sticky-section-no wpr-equal-height-no e-con e-child\" data-id=\"daeb910\" data-element_type=\"container\" data-e-type=\"container\" data-settings=\"{&quot;background_background&quot;:&quot;classic&quot;}\">\n\t\t\t\t<div class=\"elementor-element elementor-element-5adc85f elementor-widget elementor-widget-image\" data-id=\"5adc85f\" data-element_type=\"widget\" data-e-type=\"widget\" data-widget_type=\"image.default\">\n\t\t\t\t<div class=\"elementor-widget-container\">\n\t\t\t\t\t\t\t\t\t\t\t\t\t\t\t\t<a href=\"https:\/\/www.klitschkofoundation.org\/en\" target=\"_blank\">\n\t\t\t\t\t\t\t<img decoding=\"async\" src=\"https:\/\/ringside-zone.com\/wp-content\/uploads\/elementor\/thumbs\/Ringside-Zone-Klitschko-Foundation-Logo\u200b-rli60itlzvkqwbki8lzp7tkr2ay8go5ylwgwgb2kn4.jpg\" title=\"Ringside Zone &#8211; Klitschko Foundation Logo\u200b\" alt=\"Ringside Zone - Klitschko Foundation Logo\u200b\" loading=\"lazy\" \/>\t\t\t\t\t\t\t\t<\/a>\n\t\t\t\t\t\t\t\t\t\t\t\t\t\t\t<\/div>\n\t\t\t\t<\/div>\n\t\t\t\t<\/div>\n\t\t<div class=\"elementor-element elementor-element-e1acb4d e-con-full e-flex no wpr-particle-no wpr-jarallax-no wpr-parallax-no wpr-sticky-section-no wpr-equal-height-no e-con e-child\" data-id=\"e1acb4d\" data-element_type=\"container\" data-e-type=\"container\" data-settings=\"{&quot;background_background&quot;:&quot;classic&quot;}\">\n\t\t\t\t<div class=\"elementor-element elementor-element-adb4562 elementor-widget elementor-widget-image\" data-id=\"adb4562\" data-element_type=\"widget\" data-e-type=\"widget\" data-widget_type=\"image.default\">\n\t\t\t\t<div class=\"elementor-widget-container\">\n\t\t\t\t\t\t\t\t\t\t\t\t\t\t\t\t<a href=\"https:\/\/www.heidelberger-herz-stiftung.de\/\" target=\"_blank\">\n\t\t\t\t\t\t\t<img decoding=\"async\" src=\"https:\/\/ringside-zone.com\/wp-content\/uploads\/elementor\/thumbs\/Ringside-Zone-Heidelberger-Herz-Stiftung-Logo-rli5uhow55bgcqlh0w9mv4s9swu0y00uip7ye3d0qo.jpg\" title=\"Ringside Zone &#8211; Heidelberger Herz Stiftung Logo\" alt=\"Ringside Zone - Heidelberger Herz Stiftung Logo\" loading=\"lazy\" \/>\t\t\t\t\t\t\t\t<\/a>\n\t\t\t\t\t\t\t\t\t\t\t\t\t\t\t<\/div>\n\t\t\t\t<\/div>\n\t\t\t\t<\/div>\n\t\t\t\t<\/div>\n\t\t\t\t<\/div>\n\t\t\t\t\t<\/div>\n\t\t\t\t<\/div>\n\t\t\t\t<\/div>","protected":false},"excerpt":{"rendered":"<p>Charity Anpfiff ins Leben Als Entwickler und Vorreiter der 360\u00b0-Jugendsportfo\u0308rderung schafft Anpfiff ins Leben e.V. seit u\u0308ber 20 Jahren Perspektiven f\u00fcr junge Sportler und<\/p>","protected":false},"author":1,"featured_media":0,"parent":0,"menu_order":0,"comment_status":"closed","ping_status":"closed","template":"page-custom.php","meta":{"_acf_changed":false,"_monsterinsights_skip_tracking":false,"_monsterinsights_sitenote_active":false,"_monsterinsights_sitenote_note":"","_monsterinsights_sitenote_category":0,"footnotes":""},"class_list":["post-4480","page","type-page","status-publish","hentry"],"acf":{"choi\u0441e_menu_page":"custom_menu_page","full_width":true,"header_transparent":true,"header_white":true,"menu_type_page":"default","menu_align_page":"center"},"aioseo_notices":[],"_links":{"self":[{"href":"https:\/\/ringside-zone.com\/en\/wp-json\/wp\/v2\/pages\/4480","targetHints":{"allow":["GET"]}}],"collection":[{"href":"https:\/\/ringside-zone.com\/en\/wp-json\/wp\/v2\/pages"}],"about":[{"href":"https:\/\/ringside-zone.com\/en\/wp-json\/wp\/v2\/types\/page"}],"author":[{"embeddable":true,"href":"https:\/\/ringside-zone.com\/en\/wp-json\/wp\/v2\/users\/1"}],"replies":[{"embeddable":true,"href":"https:\/\/ringside-zone.com\/en\/wp-json\/wp\/v2\/comments?post=4480"}],"version-history":[{"count":123,"href":"https:\/\/ringside-zone.com\/en\/wp-json\/wp\/v2\/pages\/4480\/revisions"}],"predecessor-version":[{"id":20837,"href":"https:\/\/ringside-zone.com\/en\/wp-json\/wp\/v2\/pages\/4480\/revisions\/20837"}],"wp:attachment":[{"href":"https:\/\/ringside-zone.com\/en\/wp-json\/wp\/v2\/media?parent=4480"}],"curies":[{"name":"wp","href":"https:\/\/api.w.org\/{rel}","templated":true}]}}