{"id":20455,"date":"2026-04-24T17:43:34","date_gmt":"2026-04-24T15:43:34","guid":{"rendered":"https:\/\/ringside-zone.com\/?page_id=20455"},"modified":"2026-05-13T18:26:38","modified_gmt":"2026-05-13T16:26:38","slug":"eintragung-presse","status":"publish","type":"page","link":"https:\/\/ringside-zone.com\/en\/eintragung-presse\/","title":{"rendered":"Eintragung Presse"},"content":{"rendered":"\t\t<div data-elementor-type=\"wp-page\" data-elementor-id=\"20455\" class=\"elementor elementor-20455\" data-elementor-post-type=\"page\">\n\t\t\t\t<div class=\"elementor-element elementor-element-1c76d9d e-flex e-con-boxed no wpr-particle-no wpr-jarallax-no wpr-parallax-no wpr-sticky-section-no wpr-equal-height-no e-con e-parent\" data-id=\"1c76d9d\" data-element_type=\"container\" data-e-type=\"container\">\n\t\t\t\t\t<div class=\"e-con-inner\">\n\t\t\t\t<div class=\"elementor-element elementor-element-7e3be02 elementor-widget elementor-widget-spacer\" data-id=\"7e3be02\" data-element_type=\"widget\" data-e-type=\"widget\" data-widget_type=\"spacer.default\">\n\t\t\t\t<div class=\"elementor-widget-container\">\n\t\t\t\t\t\t\t<div class=\"elementor-spacer\">\n\t\t\t<div class=\"elementor-spacer-inner\"><\/div>\n\t\t<\/div>\n\t\t\t\t\t\t<\/div>\n\t\t\t\t<\/div>\n\t\t\t\t\t<\/div>\n\t\t\t\t<\/div>\n\t\t<div class=\"elementor-element elementor-element-3d6afa5 e-flex e-con-boxed no wpr-particle-no wpr-jarallax-no wpr-parallax-no wpr-sticky-section-no wpr-equal-height-no e-con e-parent\" data-id=\"3d6afa5\" data-element_type=\"container\" data-e-type=\"container\">\n\t\t\t\t\t<div class=\"e-con-inner\">\n\t\t<div class=\"elementor-element elementor-element-a79ac73 e-con-full e-flex no wpr-particle-no wpr-jarallax-no wpr-parallax-no wpr-sticky-section-no wpr-equal-height-no e-con e-child\" data-id=\"a79ac73\" data-element_type=\"container\" data-e-type=\"container\">\n\t\t\t\t<div class=\"elementor-element elementor-element-ab6cb28 elementor-widget__width-initial elementor-hidden-desktop elementor-hidden-tablet_extra elementor-hidden-tablet elementor-widget elementor-widget-heading\" data-id=\"ab6cb28\" data-element_type=\"widget\" data-e-type=\"widget\" data-widget_type=\"heading.default\">\n\t\t\t\t<div class=\"elementor-widget-container\">\n\t\t\t\t\t<h2 class=\"elementor-heading-title elementor-size-default\"><b> Presse-akkreditierung <\/b> <br> f\u00fcr die Veranstaltung in der SAP Arena Mannheim am 15.05.2026<\/h2>\t\t\t\t<\/div>\n\t\t\t\t<\/div>\n\t\t\t\t<div class=\"elementor-element elementor-element-ec9ef1c elementor-widget__width-initial elementor-hidden-mobile elementor-widget elementor-widget-heading\" data-id=\"ec9ef1c\" data-element_type=\"widget\" data-e-type=\"widget\" data-widget_type=\"heading.default\">\n\t\t\t\t<div class=\"elementor-widget-container\">\n\t\t\t\t\t<h2 class=\"elementor-heading-title elementor-size-default\"><b> Presse-akkreditierung <\/b> <br> f\u00fcr die Veranstaltung in der SAP Arena Mannheim am 15.05.2026<\/h2>\t\t\t\t<\/div>\n\t\t\t\t<\/div>\n\t\t\t\t<div class=\"elementor-element elementor-element-4691953 elementor-widget__width-initial elementor-widget elementor-widget-text-editor\" data-id=\"4691953\" data-element_type=\"widget\" data-e-type=\"widget\" data-widget_type=\"text-editor.default\">\n\t\t\t\t<div class=\"elementor-widget-container\">\n\t\t\t\t\t\t\t\t\t<p>Bitte trage hier deine Kontaktdaten f\u00fcr die Presseakkreditierung ein.<\/p><p><br data-start=\"170\" data-end=\"173\" \/>Wir pr\u00fcfen deine Anfrage sorgf\u00e4ltig und melden uns schnellstm\u00f6glich bei dir.<\/p>\t\t\t\t\t\t\t\t<\/div>\n\t\t\t\t<\/div>\n\t\t\t\t<\/div>\n\t\t<div class=\"elementor-element elementor-element-99d8d96 e-con-full e-flex no wpr-particle-no wpr-jarallax-no wpr-parallax-no wpr-sticky-section-no wpr-equal-height-no e-con e-child\" data-id=\"99d8d96\" data-element_type=\"container\" data-e-type=\"container\">\n\t\t\t\t<div class=\"elementor-element elementor-element-d5b1914 elementor-button-align-stretch elementor-widget elementor-widget-form\" data-id=\"d5b1914\" data-element_type=\"widget\" data-e-type=\"widget\" data-settings=\"{&quot;step_next_label&quot;:&quot;N\\u00e4chster&quot;,&quot;step_previous_label&quot;:&quot;Voriger&quot;,&quot;button_width&quot;:&quot;100&quot;,&quot;step_type&quot;:&quot;number_text&quot;,&quot;step_icon_shape&quot;:&quot;circle&quot;}\" data-widget_type=\"form.default\">\n\t\t\t\t<div class=\"elementor-widget-container\">\n\t\t\t\t\t\t\t<form class=\"elementor-form\" method=\"post\" id=\"presse_formular_v3\" name=\"Neues Formular\" aria-label=\"Neues Formular\">\n\t\t\t<input type=\"hidden\" name=\"post_id\" value=\"20455\"\/>\n\t\t\t<input type=\"hidden\" name=\"form_id\" value=\"d5b1914\"\/>\n\t\t\t<input type=\"hidden\" name=\"referer_title\" value=\"Eintragung Presse - RINGSIDE ZONE\" \/>\n\n\t\t\t\t\t\t\t<input type=\"hidden\" name=\"queried_id\" value=\"20455\"\/>\n\t\t\t\n\t\t\t<div class=\"elementor-form-fields-wrapper elementor-labels-above\">\n\t\t\t\t\t\t\t\t<div class=\"elementor-field-type-select elementor-field-group elementor-column elementor-field-group-field_d0c111a elementor-col-50 elementor-field-required\">\n\t\t\t\t\t\t\t\t\t\t\t\t<label for=\"form-field-field_d0c111a\" class=\"elementor-field-label\">\n\t\t\t\t\t\t\t\tAnrede\t\t\t\t\t\t\t<\/label>\n\t\t\t\t\t\t\t\t<div class=\"elementor-field elementor-select-wrapper remove-before \">\n\t\t\t<div class=\"select-caret-down-wrapper\">\n\t\t\t\t<svg aria-hidden=\"true\" class=\"e-font-icon-svg e-eicon-caret-down\" viewBox=\"0 0 571.4 571.4\" xmlns=\"http:\/\/www.w3.org\/2000\/svg\"><path d=\"M571 393Q571 407 561 418L311 668Q300 679 286 679T261 668L11 418Q0 407 0 393T11 368 36 357H536Q550 357 561 368T571 393Z\"><\/path><\/svg>\t\t\t<\/div>\n\t\t\t<select name=\"form_fields[field_d0c111a]\" id=\"form-field-field_d0c111a\" class=\"elementor-field-textual elementor-size-sm\" required=\"required\">\n\t\t\t\t\t\t\t\t\t<option value=\"Herr \">Herr <\/option>\n\t\t\t\t\t\t\t\t\t<option value=\"Frau\">Frau<\/option>\n\t\t\t\t\t\t\t<\/select>\n\t\t<\/div>\n\t\t\t\t\t\t<\/div>\n\t\t\t\t\t\t\t\t<div class=\"elementor-field-type-select elementor-field-group elementor-column elementor-field-group-field_d8c1d90 elementor-col-50 elementor-field-required\">\n\t\t\t\t\t\t\t\t\t\t\t\t<label for=\"form-field-field_d8c1d90\" class=\"elementor-field-label\">\n\t\t\t\t\t\t\t\tSprache\t\t\t\t\t\t\t<\/label>\n\t\t\t\t\t\t\t\t<div class=\"elementor-field elementor-select-wrapper remove-before \">\n\t\t\t<div class=\"select-caret-down-wrapper\">\n\t\t\t\t<svg aria-hidden=\"true\" class=\"e-font-icon-svg e-eicon-caret-down\" viewBox=\"0 0 571.4 571.4\" xmlns=\"http:\/\/www.w3.org\/2000\/svg\"><path d=\"M571 393Q571 407 561 418L311 668Q300 679 286 679T261 668L11 418Q0 407 0 393T11 368 36 357H536Q550 357 561 368T571 393Z\"><\/path><\/svg>\t\t\t<\/div>\n\t\t\t<select name=\"form_fields[field_d8c1d90]\" id=\"form-field-field_d8c1d90\" class=\"elementor-field-textual elementor-size-sm\" required=\"required\">\n\t\t\t\t\t\t\t\t\t<option value=\"Deutsch\">Deutsch<\/option>\n\t\t\t\t\t\t\t\t\t<option value=\"Englisch\">Englisch<\/option>\n\t\t\t\t\t\t\t<\/select>\n\t\t<\/div>\n\t\t\t\t\t\t<\/div>\n\t\t\t\t\t\t\t\t<div class=\"elementor-field-type-text elementor-field-group elementor-column elementor-field-group-name elementor-col-50 elementor-field-required\">\n\t\t\t\t\t\t\t\t\t\t\t\t<label for=\"form-field-name\" class=\"elementor-field-label\">\n\t\t\t\t\t\t\t\tVorname\t\t\t\t\t\t\t<\/label>\n\t\t\t\t\t\t\t\t\t\t\t\t\t\t<input size=\"1\" type=\"text\" name=\"form_fields[name]\" id=\"form-field-name\" class=\"elementor-field elementor-size-sm  elementor-field-textual\" required=\"required\">\n\t\t\t\t\t\t\t\t\t\t\t<\/div>\n\t\t\t\t\t\t\t\t<div class=\"elementor-field-type-text elementor-field-group elementor-column elementor-field-group-field_ef0ad35 elementor-col-50 elementor-field-required\">\n\t\t\t\t\t\t\t\t\t\t\t\t<label for=\"form-field-field_ef0ad35\" class=\"elementor-field-label\">\n\t\t\t\t\t\t\t\tNachname\t\t\t\t\t\t\t<\/label>\n\t\t\t\t\t\t\t\t\t\t\t\t\t\t<input size=\"1\" type=\"text\" name=\"form_fields[field_ef0ad35]\" id=\"form-field-field_ef0ad35\" class=\"elementor-field elementor-size-sm  elementor-field-textual\" required=\"required\">\n\t\t\t\t\t\t\t\t\t\t\t<\/div>\n\t\t\t\t\t\t\t\t<div class=\"elementor-field-type-email elementor-field-group elementor-column elementor-field-group-email elementor-col-50 elementor-field-required\">\n\t\t\t\t\t\t\t\t\t\t\t\t<label for=\"form-field-email\" class=\"elementor-field-label\">\n\t\t\t\t\t\t\t\tE-Mail\t\t\t\t\t\t\t<\/label>\n\t\t\t\t\t\t\t\t\t\t\t\t\t\t<input size=\"1\" type=\"email\" name=\"form_fields[email]\" id=\"form-field-email\" class=\"elementor-field elementor-size-sm  elementor-field-textual\" required=\"required\">\n\t\t\t\t\t\t\t\t\t\t\t<\/div>\n\t\t\t\t\t\t\t\t<div class=\"elementor-field-type-tel elementor-field-group elementor-column elementor-field-group-message elementor-col-50 elementor-field-required\">\n\t\t\t\t\t\t\t\t\t\t\t\t<label for=\"form-field-message\" class=\"elementor-field-label\">\n\t\t\t\t\t\t\t\tTelefon\t\t\t\t\t\t\t<\/label>\n\t\t\t\t\t\t\t\t<input size=\"1\" type=\"tel\" name=\"form_fields[message]\" id=\"form-field-message\" class=\"elementor-field elementor-size-sm  elementor-field-textual\" required=\"required\" pattern=\"[0-9()#&+*-=.]+\" title=\"Nur Nummern oder Telefon-Zeichen (#, -, *, etc) werden akzeptiert.\">\n\n\t\t\t\t\t\t<\/div>\n\t\t\t\t\t\t\t\t<div class=\"elementor-field-type-text elementor-field-group elementor-column elementor-field-group-field_40d3670 elementor-col-100 elementor-field-required\">\n\t\t\t\t\t\t\t\t\t\t\t\t<label for=\"form-field-field_40d3670\" class=\"elementor-field-label\">\n\t\t\t\t\t\t\t\tLink zum Nachweis (Impressum oder Social Media)\t\t\t\t\t\t\t<\/label>\n\t\t\t\t\t\t\t\t\t\t\t\t\t\t<input size=\"1\" type=\"text\" name=\"form_fields[field_40d3670]\" id=\"form-field-field_40d3670\" class=\"elementor-field elementor-size-sm  elementor-field-textual\" required=\"required\">\n\t\t\t\t\t\t\t\t\t\t\t<\/div>\n\t\t\t\t\t\t\t\t<div class=\"elementor-field-type-select elementor-field-group elementor-column elementor-field-group-field_be4332b elementor-col-50 elementor-field-required\">\n\t\t\t\t\t\t\t\t\t\t\t\t<label for=\"form-field-field_be4332b\" class=\"elementor-field-label\">\n\t\t\t\t\t\t\t\tMedienart\t\t\t\t\t\t\t<\/label>\n\t\t\t\t\t\t\t\t<div class=\"elementor-field elementor-select-wrapper remove-before \">\n\t\t\t<div class=\"select-caret-down-wrapper\">\n\t\t\t\t<svg aria-hidden=\"true\" class=\"e-font-icon-svg e-eicon-caret-down\" viewBox=\"0 0 571.4 571.4\" xmlns=\"http:\/\/www.w3.org\/2000\/svg\"><path d=\"M571 393Q571 407 561 418L311 668Q300 679 286 679T261 668L11 418Q0 407 0 393T11 368 36 357H536Q550 357 561 368T571 393Z\"><\/path><\/svg>\t\t\t<\/div>\n\t\t\t<select name=\"form_fields[field_be4332b]\" id=\"form-field-field_be4332b\" class=\"elementor-field-textual elementor-size-sm\" required=\"required\">\n\t\t\t\t\t\t\t\t\t<option value=\"Bitte ausw\u00e4hlen\">Bitte ausw\u00e4hlen<\/option>\n\t\t\t\t\t\t\t\t\t<option value=\"Blog\">Blog<\/option>\n\t\t\t\t\t\t\t\t\t<option value=\"Fachzeitschrift\">Fachzeitschrift<\/option>\n\t\t\t\t\t\t\t\t\t<option value=\"Freier Journalist\">Freier Journalist<\/option>\n\t\t\t\t\t\t\t\t\t<option value=\"H\u00f6rfunk\">H\u00f6rfunk<\/option>\n\t\t\t\t\t\t\t\t\t<option value=\"Magazin\">Magazin<\/option>\n\t\t\t\t\t\t\t\t\t<option value=\"Nachrichtenagentur\">Nachrichtenagentur<\/option>\n\t\t\t\t\t\t\t\t\t<option value=\"Online-Portal\">Online-Portal<\/option>\n\t\t\t\t\t\t\t\t\t<option value=\"Tageszeitung\">Tageszeitung<\/option>\n\t\t\t\t\t\t\t\t\t<option value=\"TV\">TV<\/option>\n\t\t\t\t\t\t\t\t\t<option value=\"Sonstiges\">Sonstiges<\/option>\n\t\t\t\t\t\t\t\t\t<option value=\"\"><\/option>\n\t\t\t\t\t\t\t\t\t<option value=\"\"><\/option>\n\t\t\t\t\t\t\t<\/select>\n\t\t<\/div>\n\t\t\t\t\t\t<\/div>\n\t\t\t\t\t\t\t\t<div class=\"elementor-field-type-text elementor-field-group elementor-column elementor-field-group-field_f4f7a19 elementor-col-50 elementor-field-required\">\n\t\t\t\t\t\t\t\t\t\t\t\t<label for=\"form-field-field_f4f7a19\" class=\"elementor-field-label\">\n\t\t\t\t\t\t\t\tMedienname\t\t\t\t\t\t\t<\/label>\n\t\t\t\t\t\t\t\t\t\t\t\t\t\t<input size=\"1\" type=\"text\" name=\"form_fields[field_f4f7a19]\" id=\"form-field-field_f4f7a19\" class=\"elementor-field elementor-size-sm  elementor-field-textual\" required=\"required\">\n\t\t\t\t\t\t\t\t\t\t\t<\/div>\n\t\t\t\t\t\t\t\t<div class=\"elementor-field-type-checkbox elementor-field-group elementor-column elementor-field-group-field_9dea1bc elementor-col-50\">\n\t\t\t\t\t\t\t\t\t\t\t\t<label for=\"form-field-field_9dea1bc\" class=\"elementor-field-label\">\n\t\t\t\t\t\t\t\tTeilnahme an\t\t\t\t\t\t\t<\/label>\n\t\t\t\t\t\t<div class=\"elementor-field-subgroup  elementor-subgroup-inline\"><span class=\"elementor-field-option\"><input type=\"checkbox\" value=\"14.5 Pressekonferenz\" id=\"form-field-field_9dea1bc-0\" name=\"form_fields[field_9dea1bc][]\"> <label for=\"form-field-field_9dea1bc-0\">14.5 Pressekonferenz<\/label><\/span><span class=\"elementor-field-option\"><input type=\"checkbox\" value=\"15.5 Night of the Heavyweights\" id=\"form-field-field_9dea1bc-1\" name=\"form_fields[field_9dea1bc][]\"> <label for=\"form-field-field_9dea1bc-1\">15.5 Night of the Heavyweights<\/label><\/span><\/div>\t\t\t\t<\/div>\n\t\t\t\t\t\t\t\t<div class=\"elementor-field-type-select elementor-field-group elementor-column elementor-field-group-field_da4c960 elementor-col-50 elementor-field-required\">\n\t\t\t\t\t\t\t\t\t\t\t\t<label for=\"form-field-field_da4c960\" class=\"elementor-field-label\">\n\t\t\t\t\t\t\t\tFunktion\t\t\t\t\t\t\t<\/label>\n\t\t\t\t\t\t\t\t<div class=\"elementor-field elementor-select-wrapper remove-before \">\n\t\t\t<div class=\"select-caret-down-wrapper\">\n\t\t\t\t<svg aria-hidden=\"true\" class=\"e-font-icon-svg e-eicon-caret-down\" viewBox=\"0 0 571.4 571.4\" xmlns=\"http:\/\/www.w3.org\/2000\/svg\"><path d=\"M571 393Q571 407 561 418L311 668Q300 679 286 679T261 668L11 418Q0 407 0 393T11 368 36 357H536Q550 357 561 368T571 393Z\"><\/path><\/svg>\t\t\t<\/div>\n\t\t\t<select name=\"form_fields[field_da4c960]\" id=\"form-field-field_da4c960\" class=\"elementor-field-textual elementor-size-sm\" required=\"required\">\n\t\t\t\t\t\t\t\t\t<option value=\"Bitte ausw\u00e4hlen\">Bitte ausw\u00e4hlen<\/option>\n\t\t\t\t\t\t\t\t\t<option value=\"Chefredakteur\/in\">Chefredakteur\/in<\/option>\n\t\t\t\t\t\t\t\t\t<option value=\"Redakteur\/in\">Redakteur\/in<\/option>\n\t\t\t\t\t\t\t\t\t<option value=\"Kameramann\/frau\">Kameramann\/frau<\/option>\n\t\t\t\t\t\t\t\t\t<option value=\"Techniker\/in\">Techniker\/in<\/option>\n\t\t\t\t\t\t\t\t\t<option value=\"Fotograf\/in\">Fotograf\/in<\/option>\n\t\t\t\t\t\t\t\t\t<option value=\"Pressesprecher\/in\">Pressesprecher\/in<\/option>\n\t\t\t\t\t\t\t<\/select>\n\t\t<\/div>\n\t\t\t\t\t\t<\/div>\n\t\t\t\t\t\t\t\t<div class=\"elementor-field-type-upload elementor-field-group elementor-column elementor-field-group-field_0ca3fc5 elementor-col-100 elementor-field-required\">\n\t\t\t\t\t\t\t\t\t\t\t\t<label for=\"form-field-field_0ca3fc5\" class=\"elementor-field-label\">\n\t\t\t\t\t\t\t\tPresseausweis\t\t\t\t\t\t\t<\/label>\n\t\t\t\t\t\t\t\t<input type=\"file\" name=\"form_fields[field_0ca3fc5]\" id=\"form-field-field_0ca3fc5\" class=\"elementor-field elementor-size-sm  elementor-upload-field\" required=\"required\">\n\n\t\t\t\t\t\t<\/div>\n\t\t\t\t\t\t\t\t<div class=\"elementor-field-type-acceptance elementor-field-group elementor-column elementor-field-group-field_45fa2ff elementor-col-100 elementor-field-required\">\n\t\t\t\t\t\t\t<div class=\"elementor-field-subgroup\">\n\t\t\t<span class=\"elementor-field-option\">\n\t\t\t\t<input type=\"checkbox\" name=\"form_fields[field_45fa2ff]\" id=\"form-field-field_45fa2ff\" class=\"elementor-field elementor-size-sm  elementor-acceptance-field\" required=\"required\">\n\t\t\t\t<label for=\"form-field-field_45fa2ff\">Die RINGSIDE ZONE GmbH beh\u00e4lt sich nach Pr\u00fcfung der Akkreditierungsberechtigung im Einzelfall das Recht vor, Akkreditierungen abzulehnen. Ich bin damit einverstanden, dass meine Angaben f\u00fcr den Zweck der Anmeldung gespeichert werden. Wir versichern, dass Ihre Daten ausschlie\u00dflich zum Zweck der Akkreditierung verwendet werden.<\/label>\t\t\t<\/span>\n\t\t<\/div>\n\t\t\t\t\t\t<\/div>\n\t\t\t\t\t\t\t\t<div class=\"elementor-field-group elementor-column elementor-field-type-submit elementor-col-100 e-form__buttons\">\n\t\t\t\t\t<button class=\"elementor-button elementor-size-sm\" type=\"submit\">\n\t\t\t\t\t\t<span class=\"elementor-button-content-wrapper\">\n\t\t\t\t\t\t\t\t\t\t\t\t\t\t\t\t\t\t\t\t\t\t<span class=\"elementor-button-text\">Presseakkreditierung anfragen<\/span>\n\t\t\t\t\t\t\t\t\t\t\t\t\t<\/span>\n\t\t\t\t\t<\/button>\n\t\t\t\t<\/div>\n\t\t\t<\/div>\n\t\t<\/form>\n\t\t\t\t\t\t<\/div>\n\t\t\t\t<\/div>\n\t\t\t\t<\/div>\n\t\t\t\t\t<\/div>\n\t\t\t\t<\/div>\n\t\t<div class=\"elementor-element elementor-element-ec0808a e-flex e-con-boxed no wpr-particle-no wpr-jarallax-no wpr-parallax-no wpr-sticky-section-no wpr-equal-height-no e-con e-parent\" data-id=\"ec0808a\" data-element_type=\"container\" data-e-type=\"container\">\n\t\t\t\t\t<div class=\"e-con-inner\">\n\t\t\t\t<div class=\"elementor-element elementor-element-f5efca0 elementor-widget elementor-widget-spacer\" data-id=\"f5efca0\" data-element_type=\"widget\" data-e-type=\"widget\" data-widget_type=\"spacer.default\">\n\t\t\t\t<div class=\"elementor-widget-container\">\n\t\t\t\t\t\t\t<div class=\"elementor-spacer\">\n\t\t\t<div class=\"elementor-spacer-inner\"><\/div>\n\t\t<\/div>\n\t\t\t\t\t\t<\/div>\n\t\t\t\t<\/div>\n\t\t<div class=\"elementor-element elementor-element-ea3c11a e-con-full e-flex no wpr-particle-no wpr-jarallax-no wpr-parallax-no wpr-sticky-section-no wpr-equal-height-no e-con e-child\" data-id=\"ea3c11a\" data-element_type=\"container\" data-e-type=\"container\">\n\t\t\t\t<div class=\"elementor-element elementor-element-9dca21b elementor-widget elementor-widget-html\" data-id=\"9dca21b\" data-element_type=\"widget\" data-e-type=\"widget\" data-widget_type=\"html.default\">\n\t\t\t\t<div class=\"elementor-widget-container\">\n\t\t\t\t\t<!-- RSZ Footer (Elementor HTML-Widget) -->\n<div class=\"rsz-footer\">\n  <a class=\"rsz-footer__logo\" href=\"https:\/\/ringside-zone.com\/\" aria-label=\"Ringside Zone\">\n    <img decoding=\"async\" src=\"https:\/\/ringside-zone.com\/wp-content\/uploads\/2025\/03\/RSZ_Logo.svg\" alt=\"RINGSIDE ZONE Logo\" \/>\n  <\/a>\n\n  <div class=\"rsz-footer__text\">\n    <div class=\"rsz-footer__line1\">\n      \u00a9 <span id=\"rszYear\"><\/span> RINGSIDE ZONE\n    <\/div>\n\n    <div class=\"rsz-footer__line2\">\n      <a href=\"https:\/\/ringside-zone.com\/Impressum\">Impressum<\/a>\n      <span class=\"rsz-footer__sep\">|<\/span>\n      <a href=\"https:\/\/ringside-zone.com\/Datenschutz\">Datenschutz<\/a>\n    <\/div>\n  <\/div>\n<\/div>\n\n<style>\n  .rsz-footer{\n    display:flex;\n    align-items:center;\n    gap:20px;\n    color:#fff;\n    width:100%;\n  }\n\n  .rsz-footer *{\n    color:#fff;\n  }\n\n  \/* Logo *\/\n  .rsz-footer__logo{\n    display:flex;\n    align-items:center;\n    text-decoration:none !important;\n  }\n\n  .rsz-footer__logo img{\n    height:60px;              \/* \u2b05 gr\u00f6\u00dfer f\u00fcr Kanten-Flucht *\/\n    width:auto;\n    display:block;\n  }\n\n  \/* Textblock *\/\n  .rsz-footer__text{\n    display:flex;\n    flex-direction:column;\n    justify-content:center;\n    height:60px;              \/* exakt Logo-H\u00f6he *\/\n    font-size:14.5px;         \/* proportional gr\u00f6\u00dfer *\/\n    line-height:1.25;\n  }\n\n  .rsz-footer__line1{\n    margin-bottom:6px;\n    white-space:nowrap;\n    letter-spacing:0.035em;\n  }\n\n  .rsz-footer__line2{\n    white-space:nowrap;\n    font-size:14px;\n  }\n\n  .rsz-footer__line2 a{\n    text-decoration:none !important;\n    color:#fff !important;\n    opacity:0.9;\n  }\n\n  .rsz-footer__line2 a:hover{\n    opacity:1;\n  }\n\n  .rsz-footer__sep{\n    margin:0 4px;\n    opacity:0.6;\n  }\n\n  @media (max-width:480px){\n    .rsz-footer__logo img{\n      height:52px;\n    }\n    .rsz-footer__text{\n      height:52px;\n      font-size:13px;\n    }\n    .rsz-footer__line2{\n      font-size:12.5px;\n    }\n  }\n<\/style>\n\n<script>\n  (function(){\n    var el = document.getElementById(\"rszYear\");\n    if(el) el.textContent = new Date().getFullYear();\n  })();\n<\/script>\n\t\t\t\t<\/div>\n\t\t\t\t<\/div>\n\t\t\t\t<\/div>\n\t\t\t\t\t<\/div>\n\t\t\t\t<\/div>\n\t\t\t\t<\/div>\n\t\t","protected":false},"excerpt":{"rendered":"<p>Presse-akkreditierung f\u00fcr die Veranstaltung in der SAP Arena Mannheim am 15.05.2026 Presse-akkreditierung f\u00fcr die Veranstaltung in der SAP Arena Mannheim am 15.05.2026 Bitte trage<\/p>","protected":false},"author":3,"featured_media":0,"parent":0,"menu_order":0,"comment_status":"closed","ping_status":"closed","template":"elementor_canvas","meta":{"_acf_changed":false,"_angie_page":false,"_monsterinsights_skip_tracking":false,"_monsterinsights_sitenote_active":false,"_monsterinsights_sitenote_note":"","_monsterinsights_sitenote_category":0,"footnotes":""},"class_list":["post-20455","page","type-page","status-publish","hentry"],"acf":{"choi\u0441e_menu_page":"global_settings","full_width":false,"header_transparent":false,"header_white":false,"menu_type_page":"default","menu_align_page":"default"},"aioseo_notices":[],"_links":{"self":[{"href":"https:\/\/ringside-zone.com\/en\/wp-json\/wp\/v2\/pages\/20455","targetHints":{"allow":["GET"]}}],"collection":[{"href":"https:\/\/ringside-zone.com\/en\/wp-json\/wp\/v2\/pages"}],"about":[{"href":"https:\/\/ringside-zone.com\/en\/wp-json\/wp\/v2\/types\/page"}],"author":[{"embeddable":true,"href":"https:\/\/ringside-zone.com\/en\/wp-json\/wp\/v2\/users\/3"}],"replies":[{"embeddable":true,"href":"https:\/\/ringside-zone.com\/en\/wp-json\/wp\/v2\/comments?post=20455"}],"version-history":[{"count":46,"href":"https:\/\/ringside-zone.com\/en\/wp-json\/wp\/v2\/pages\/20455\/revisions"}],"predecessor-version":[{"id":21452,"href":"https:\/\/ringside-zone.com\/en\/wp-json\/wp\/v2\/pages\/20455\/revisions\/21452"}],"wp:attachment":[{"href":"https:\/\/ringside-zone.com\/en\/wp-json\/wp\/v2\/media?parent=20455"}],"curies":[{"name":"wp","href":"https:\/\/api.w.org\/{rel}","templated":true}]}}