{"id":20094,"date":"2026-04-20T21:40:11","date_gmt":"2026-04-20T19:40:11","guid":{"rendered":"https:\/\/ringside-zone.com\/?page_id=20094"},"modified":"2026-04-21T11:31:12","modified_gmt":"2026-04-21T09:31:12","slug":"eintragung-vip-mannheim","status":"publish","type":"page","link":"https:\/\/ringside-zone.com\/en\/eintragung-vip-mannheim\/","title":{"rendered":"Eintragung VIP Mannheim"},"content":{"rendered":"\t\t<div data-elementor-type=\"wp-page\" data-elementor-id=\"20094\" class=\"elementor elementor-20094\" data-elementor-post-type=\"page\">\n\t\t\t\t<div class=\"elementor-element elementor-element-3d6afa5 e-flex e-con-boxed no wpr-particle-no wpr-jarallax-no wpr-parallax-no wpr-sticky-section-no wpr-equal-height-no e-con e-parent\" data-id=\"3d6afa5\" data-element_type=\"container\" data-e-type=\"container\">\n\t\t\t\t\t<div class=\"e-con-inner\">\n\t\t<div class=\"elementor-element elementor-element-a79ac73 e-con-full e-flex no wpr-particle-no wpr-jarallax-no wpr-parallax-no wpr-sticky-section-no wpr-equal-height-no e-con e-child\" data-id=\"a79ac73\" data-element_type=\"container\" data-e-type=\"container\">\n\t\t\t\t<div class=\"elementor-element elementor-element-ab6cb28 elementor-widget__width-initial elementor-hidden-desktop elementor-hidden-tablet_extra elementor-hidden-tablet elementor-widget elementor-widget-heading\" data-id=\"ab6cb28\" data-element_type=\"widget\" data-e-type=\"widget\" data-widget_type=\"heading.default\">\n\t\t\t\t<div class=\"elementor-widget-container\">\n\t\t\t\t\t<h2 class=\"elementor-heading-title elementor-size-default\">Eintragung f\u00fcr den <b>VIP-Ringside-Zugang<\/b> in der SAP Arena Mannheim am 15.5.2026<\/h2>\t\t\t\t<\/div>\n\t\t\t\t<\/div>\n\t\t\t\t<div class=\"elementor-element elementor-element-ec9ef1c elementor-widget__width-initial elementor-hidden-mobile elementor-widget elementor-widget-heading\" data-id=\"ec9ef1c\" data-element_type=\"widget\" data-e-type=\"widget\" data-widget_type=\"heading.default\">\n\t\t\t\t<div class=\"elementor-widget-container\">\n\t\t\t\t\t<h2 class=\"elementor-heading-title elementor-size-default\">Eintragung f\u00fcr den <b>VIP-Ringside-Zugang<\/b> in der SAP Arena Mannheim am 15.5.2026<\/h2>\t\t\t\t<\/div>\n\t\t\t\t<\/div>\n\t\t\t\t<div class=\"elementor-element elementor-element-4691953 elementor-widget__width-initial elementor-widget elementor-widget-text-editor\" data-id=\"4691953\" data-element_type=\"widget\" data-e-type=\"widget\" data-widget_type=\"text-editor.default\">\n\t\t\t\t<div class=\"elementor-widget-container\">\n\t\t\t\t\t\t\t\t\t<p><strong><b>Bitte trage hier deine Kontaktdaten ein.<\/b><\/strong><\/p><p>Innerhalb von 24 Stunden meldet sich dein pers\u00f6nlicher Ansprechpartner, um die n\u00e4chsten Schritte gemeinsam zu besprechen.<\/p>\t\t\t\t\t\t\t\t<\/div>\n\t\t\t\t<\/div>\n\t\t\t\t<\/div>\n\t\t<div class=\"elementor-element elementor-element-99d8d96 e-con-full e-flex no wpr-particle-no wpr-jarallax-no wpr-parallax-no wpr-sticky-section-no wpr-equal-height-no e-con e-child\" data-id=\"99d8d96\" data-element_type=\"container\" data-e-type=\"container\">\n\t\t\t\t<div class=\"elementor-element elementor-element-d5b1914 elementor-button-align-stretch elementor-widget elementor-widget-form\" data-id=\"d5b1914\" data-element_type=\"widget\" data-e-type=\"widget\" data-settings=\"{&quot;step_next_label&quot;:&quot;N\\u00e4chster&quot;,&quot;step_previous_label&quot;:&quot;Voriger&quot;,&quot;button_width&quot;:&quot;100&quot;,&quot;step_type&quot;:&quot;number_text&quot;,&quot;step_icon_shape&quot;:&quot;circle&quot;}\" data-widget_type=\"form.default\">\n\t\t\t\t<div class=\"elementor-widget-container\">\n\t\t\t\t\t\t\t<form class=\"elementor-form\" method=\"post\" name=\"Neues Formular\" aria-label=\"Neues Formular\">\n\t\t\t<input type=\"hidden\" name=\"post_id\" value=\"20094\"\/>\n\t\t\t<input type=\"hidden\" name=\"form_id\" value=\"d5b1914\"\/>\n\t\t\t<input type=\"hidden\" name=\"referer_title\" value=\"\" \/>\n\n\t\t\t\n\t\t\t<div class=\"elementor-form-fields-wrapper elementor-labels-above\">\n\t\t\t\t\t\t\t\t<div class=\"elementor-field-type-text elementor-field-group elementor-column elementor-field-group-name elementor-col-50 elementor-field-required\">\n\t\t\t\t\t\t\t\t\t\t\t\t<label for=\"form-field-name\" class=\"elementor-field-label\">\n\t\t\t\t\t\t\t\tVorname\t\t\t\t\t\t\t<\/label>\n\t\t\t\t\t\t\t\t\t\t\t\t\t\t<input size=\"1\" type=\"text\" name=\"form_fields[name]\" id=\"form-field-name\" class=\"elementor-field elementor-size-sm  elementor-field-textual\" required=\"required\">\n\t\t\t\t\t\t\t\t\t\t\t<\/div>\n\t\t\t\t\t\t\t\t<div class=\"elementor-field-type-text elementor-field-group elementor-column elementor-field-group-field_ef0ad35 elementor-col-50 elementor-field-required\">\n\t\t\t\t\t\t\t\t\t\t\t\t<label for=\"form-field-field_ef0ad35\" class=\"elementor-field-label\">\n\t\t\t\t\t\t\t\tNachname\t\t\t\t\t\t\t<\/label>\n\t\t\t\t\t\t\t\t\t\t\t\t\t\t<input size=\"1\" type=\"text\" name=\"form_fields[field_ef0ad35]\" id=\"form-field-field_ef0ad35\" class=\"elementor-field elementor-size-sm  elementor-field-textual\" required=\"required\">\n\t\t\t\t\t\t\t\t\t\t\t<\/div>\n\t\t\t\t\t\t\t\t<div class=\"elementor-field-type-email elementor-field-group elementor-column elementor-field-group-email elementor-col-50 elementor-field-required\">\n\t\t\t\t\t\t\t\t\t\t\t\t<label for=\"form-field-email\" class=\"elementor-field-label\">\n\t\t\t\t\t\t\t\tE-Mail\t\t\t\t\t\t\t<\/label>\n\t\t\t\t\t\t\t\t\t\t\t\t\t\t<input size=\"1\" type=\"email\" name=\"form_fields[email]\" id=\"form-field-email\" class=\"elementor-field elementor-size-sm  elementor-field-textual\" required=\"required\">\n\t\t\t\t\t\t\t\t\t\t\t<\/div>\n\t\t\t\t\t\t\t\t<div class=\"elementor-field-type-tel elementor-field-group elementor-column elementor-field-group-message elementor-col-50 elementor-field-required\">\n\t\t\t\t\t\t\t\t\t\t\t\t<label for=\"form-field-message\" class=\"elementor-field-label\">\n\t\t\t\t\t\t\t\tTelefon\t\t\t\t\t\t\t<\/label>\n\t\t\t\t\t\t\t\t<input size=\"1\" type=\"tel\" name=\"form_fields[message]\" id=\"form-field-message\" class=\"elementor-field elementor-size-sm  elementor-field-textual\" required=\"required\" pattern=\"[0-9()#&amp;+*-=.]+\" title=\"Only numbers and phone characters (#, -, *, etc) are accepted.\">\n\n\t\t\t\t\t\t<\/div>\n\t\t\t\t\t\t\t\t<div class=\"elementor-field-type-hidden elementor-field-group elementor-column elementor-field-group-UTM_Source elementor-col-100\">\n\t\t\t\t\t\t\t\t\t\t\t\t\t<input size=\"1\" type=\"hidden\" name=\"form_fields[UTM_Source]\" id=\"form-field-UTM_Source\" class=\"elementor-field elementor-size-sm  elementor-field-textual\">\n\t\t\t\t\t\t\t\t\t\t\t<\/div>\n\t\t\t\t\t\t\t\t<div class=\"elementor-field-type-hidden elementor-field-group elementor-column elementor-field-group-utm_Content elementor-col-100\">\n\t\t\t\t\t\t\t\t\t\t\t\t\t<input size=\"1\" type=\"hidden\" name=\"form_fields[utm_Content]\" id=\"form-field-utm_Content\" class=\"elementor-field elementor-size-sm  elementor-field-textual\">\n\t\t\t\t\t\t\t\t\t\t\t<\/div>\n\t\t\t\t\t\t\t\t<div class=\"elementor-field-type-hidden elementor-field-group elementor-column elementor-field-group-Utm_term elementor-col-100\">\n\t\t\t\t\t\t\t\t\t\t\t\t\t<input size=\"1\" type=\"hidden\" name=\"form_fields[Utm_term]\" id=\"form-field-Utm_term\" class=\"elementor-field elementor-size-sm  elementor-field-textual\">\n\t\t\t\t\t\t\t\t\t\t\t<\/div>\n\t\t\t\t\t\t\t\t<div class=\"elementor-field-group elementor-column elementor-field-type-submit elementor-col-100 e-form__buttons\">\n\t\t\t\t\t<button class=\"elementor-button elementor-size-sm\" type=\"submit\">\n\t\t\t\t\t\t<span class=\"elementor-button-content-wrapper\">\n\t\t\t\t\t\t\t\t\t\t\t\t\t\t\t\t\t\t\t\t\t\t<span class=\"elementor-button-text\">VIP Ringside Zugang anfragen<\/span>\n\t\t\t\t\t\t\t\t\t\t\t\t\t<\/span>\n\t\t\t\t\t<\/button>\n\t\t\t\t<\/div>\n\t\t\t<\/div>\n\t\t<\/form>\n\t\t\t\t\t\t<\/div>\n\t\t\t\t<\/div>\n\t\t\t\t<\/div>\n\t\t\t\t\t<\/div>\n\t\t\t\t<\/div>\n\t\t<div class=\"elementor-element elementor-element-d66925a e-flex e-con-boxed no wpr-particle-no wpr-jarallax-no wpr-parallax-no wpr-sticky-section-no wpr-equal-height-no e-con e-parent\" data-id=\"d66925a\" data-element_type=\"container\" data-e-type=\"container\">\n\t\t\t\t\t<div class=\"e-con-inner\">\n\t\t\t\t<div class=\"elementor-element elementor-element-86d65e5 elementor-widget elementor-widget-spacer\" data-id=\"86d65e5\" data-element_type=\"widget\" data-e-type=\"widget\" data-widget_type=\"spacer.default\">\n\t\t\t\t<div class=\"elementor-widget-container\">\n\t\t\t\t\t\t\t<div class=\"elementor-spacer\">\n\t\t\t<div class=\"elementor-spacer-inner\"><\/div>\n\t\t<\/div>\n\t\t\t\t\t\t<\/div>\n\t\t\t\t<\/div>\n\t\t\t\t\t<\/div>\n\t\t\t\t<\/div>\n\t\t<div class=\"elementor-element elementor-element-b378950 e-flex e-con-boxed no wpr-particle-no wpr-jarallax-no wpr-parallax-no wpr-sticky-section-no wpr-equal-height-no e-con e-parent\" data-id=\"b378950\" data-element_type=\"container\" data-e-type=\"container\">\n\t\t\t\t\t<div class=\"e-con-inner\">\n\t\t<div class=\"elementor-element elementor-element-522c02c e-con-full e-flex no wpr-particle-no wpr-jarallax-no wpr-parallax-no wpr-sticky-section-no wpr-equal-height-no e-con e-child\" data-id=\"522c02c\" data-element_type=\"container\" data-e-type=\"container\">\n\t\t\t\t<div class=\"elementor-element elementor-element-446a6f5 elementor-widget elementor-widget-html\" data-id=\"446a6f5\" data-element_type=\"widget\" data-e-type=\"widget\" data-widget_type=\"html.default\">\n\t\t\t\t<div class=\"elementor-widget-container\">\n\t\t\t\t\t<!-- RSZ Footer (Elementor HTML-Widget) -->\n<div class=\"rsz-footer\">\n  <a class=\"rsz-footer__logo\" href=\"https:\/\/ringside-zone.com\/\" aria-label=\"Ringside Zone\">\n    <img decoding=\"async\" src=\"https:\/\/ringside-zone.com\/wp-content\/uploads\/2025\/03\/RSZ_Logo.svg\" alt=\"RINGSIDE ZONE Logo\" \/>\n  <\/a>\n\n  <div class=\"rsz-footer__text\">\n    <div class=\"rsz-footer__line1\">\n      \u00a9 <span id=\"rszYear\"><\/span> RINGSIDE ZONE\n    <\/div>\n\n    <div class=\"rsz-footer__line2\">\n      <a href=\"https:\/\/ringside-zone.com\/Impressum\">Impressum<\/a>\n      <span class=\"rsz-footer__sep\">|<\/span>\n      <a href=\"https:\/\/ringside-zone.com\/Datenschutz\">Datenschutz<\/a>\n    <\/div>\n  <\/div>\n<\/div>\n\n<style>\n  .rsz-footer{\n    display:flex;\n    align-items:center;\n    gap:20px;\n    color:#fff;\n    width:100%;\n  }\n\n  .rsz-footer *{\n    color:#fff;\n  }\n\n  \/* Logo *\/\n  .rsz-footer__logo{\n    display:flex;\n    align-items:center;\n    text-decoration:none !important;\n  }\n\n  .rsz-footer__logo img{\n    height:60px;              \/* \u2b05 gr\u00f6\u00dfer f\u00fcr Kanten-Flucht *\/\n    width:auto;\n    display:block;\n  }\n\n  \/* Textblock *\/\n  .rsz-footer__text{\n    display:flex;\n    flex-direction:column;\n    justify-content:center;\n    height:60px;              \/* exakt Logo-H\u00f6he *\/\n    font-size:14.5px;         \/* proportional gr\u00f6\u00dfer *\/\n    line-height:1.25;\n  }\n\n  .rsz-footer__line1{\n    margin-bottom:6px;\n    white-space:nowrap;\n    letter-spacing:0.035em;\n  }\n\n  .rsz-footer__line2{\n    white-space:nowrap;\n    font-size:14px;\n  }\n\n  .rsz-footer__line2 a{\n    text-decoration:none !important;\n    color:#fff !important;\n    opacity:0.9;\n  }\n\n  .rsz-footer__line2 a:hover{\n    opacity:1;\n  }\n\n  .rsz-footer__sep{\n    margin:0 4px;\n    opacity:0.6;\n  }\n\n  @media (max-width:480px){\n    .rsz-footer__logo img{\n      height:52px;\n    }\n    .rsz-footer__text{\n      height:52px;\n      font-size:13px;\n    }\n    .rsz-footer__line2{\n      font-size:12.5px;\n    }\n  }\n<\/style>\n\n<script>\n  (function(){\n    var el = document.getElementById(\"rszYear\");\n    if(el) el.textContent = new Date().getFullYear();\n  })();\n<\/script>\n\t\t\t\t<\/div>\n\t\t\t\t<\/div>\n\t\t\t\t<\/div>\n\t\t\t\t\t<\/div>\n\t\t\t\t<\/div>\n\t\t\t\t<\/div>\n\t\t","protected":false},"excerpt":{"rendered":"<p>Eintragung f\u00fcr den VIP-Ringside-Zugang in der SAP Arena Mannheim am 15.5.2026 Eintragung f\u00fcr den VIP-Ringside-Zugang in der SAP Arena Mannheim am 15.5.2026 Bitte trage<\/p>","protected":false},"author":3,"featured_media":0,"parent":0,"menu_order":0,"comment_status":"closed","ping_status":"closed","template":"elementor_canvas","meta":{"_acf_changed":false,"_monsterinsights_skip_tracking":false,"_monsterinsights_sitenote_active":false,"_monsterinsights_sitenote_note":"","_monsterinsights_sitenote_category":0,"footnotes":""},"class_list":["post-20094","page","type-page","status-publish","hentry"],"acf":{"choi\u0441e_menu_page":"global_settings","full_width":false,"header_transparent":false,"header_white":false,"menu_type_page":"default","menu_align_page":"default"},"aioseo_notices":[],"_links":{"self":[{"href":"https:\/\/ringside-zone.com\/en\/wp-json\/wp\/v2\/pages\/20094","targetHints":{"allow":["GET"]}}],"collection":[{"href":"https:\/\/ringside-zone.com\/en\/wp-json\/wp\/v2\/pages"}],"about":[{"href":"https:\/\/ringside-zone.com\/en\/wp-json\/wp\/v2\/types\/page"}],"author":[{"embeddable":true,"href":"https:\/\/ringside-zone.com\/en\/wp-json\/wp\/v2\/users\/3"}],"replies":[{"embeddable":true,"href":"https:\/\/ringside-zone.com\/en\/wp-json\/wp\/v2\/comments?post=20094"}],"version-history":[{"count":10,"href":"https:\/\/ringside-zone.com\/en\/wp-json\/wp\/v2\/pages\/20094\/revisions"}],"predecessor-version":[{"id":20143,"href":"https:\/\/ringside-zone.com\/en\/wp-json\/wp\/v2\/pages\/20094\/revisions\/20143"}],"wp:attachment":[{"href":"https:\/\/ringside-zone.com\/en\/wp-json\/wp\/v2\/media?parent=20094"}],"curies":[{"name":"wp","href":"https:\/\/api.w.org\/{rel}","templated":true}]}}