{"id":17959,"date":"2026-02-27T00:30:24","date_gmt":"2026-02-27T00:30:24","guid":{"rendered":"https:\/\/ringside-zone.com\/?page_id=17959"},"modified":"2026-04-21T09:53:37","modified_gmt":"2026-04-21T07:53:37","slug":"kickoff-hamburg","status":"publish","type":"page","link":"https:\/\/ringside-zone.com\/en\/kickoff-hamburg\/","title":{"rendered":"Kickoff: Hamburg &#8211; Fan Edition"},"content":{"rendered":"\t\t<div data-elementor-type=\"wp-page\" data-elementor-id=\"17959\" class=\"elementor elementor-17959\" data-elementor-post-type=\"page\">\n\t\t\t\t<div class=\"elementor-element elementor-element-a0261e8 e-flex e-con-boxed no wpr-particle-no wpr-jarallax-no wpr-parallax-no wpr-sticky-section-no wpr-equal-height-no e-con e-parent\" data-id=\"a0261e8\" data-element_type=\"container\" data-e-type=\"container\" data-settings=\"{&quot;background_background&quot;:&quot;classic&quot;,&quot;sticky&quot;:&quot;top&quot;,&quot;sticky_on&quot;:[&quot;desktop&quot;,&quot;tablet_extra&quot;,&quot;tablet&quot;,&quot;mobile&quot;],&quot;sticky_offset&quot;:0,&quot;sticky_effects_offset&quot;:0,&quot;sticky_anchor_link_offset&quot;:0}\">\n\t\t\t\t\t<div class=\"e-con-inner\">\n\t\t<div class=\"elementor-element elementor-element-7365acc e-grid e-con-full no wpr-particle-no wpr-jarallax-no wpr-parallax-no wpr-sticky-section-no wpr-equal-height-no e-con e-child\" data-id=\"7365acc\" data-element_type=\"container\" data-e-type=\"container\">\n\t\t\t\t<div class=\"elementor-element elementor-element-4a148d0 elementor-widget elementor-widget-image\" data-id=\"4a148d0\" data-element_type=\"widget\" data-e-type=\"widget\" data-widget_type=\"image.default\">\n\t\t\t\t<div class=\"elementor-widget-container\">\n\t\t\t\t\t\t\t\t\t\t\t\t\t\t\t\t<a href=\"https:\/\/ringside-zone.com\">\n\t\t\t\t\t\t\t<img fetchpriority=\"high\" decoding=\"async\" width=\"929\" height=\"208\" src=\"https:\/\/ringside-zone.com\/wp-content\/uploads\/2026\/01\/RSZ_Original.svg\" class=\"attachment-full size-full wp-image-14298\" alt=\"\" \/>\t\t\t\t\t\t\t\t<\/a>\n\t\t\t\t\t\t\t\t\t\t\t\t\t\t\t<\/div>\n\t\t\t\t<\/div>\n\t\t\t\t<\/div>\n\t\t\t\t\t<\/div>\n\t\t\t\t<\/div>\n\t\t<div class=\"elementor-element elementor-element-abe4b98 elementor-hidden-tablet elementor-hidden-mobile e-flex e-con-boxed no wpr-particle-no wpr-jarallax-no wpr-parallax-no wpr-sticky-section-no wpr-equal-height-no e-con e-parent\" data-id=\"abe4b98\" data-element_type=\"container\" data-e-type=\"container\" data-settings=\"{&quot;background_background&quot;:&quot;classic&quot;}\">\n\t\t\t\t\t<div class=\"e-con-inner\">\n\t\t\t\t<div class=\"elementor-element elementor-element-925d489 elementor-widget__width-inherit elementor-widget elementor-widget-ms_animated_headline\" data-id=\"925d489\" data-element_type=\"widget\" data-e-type=\"widget\" data-widget_type=\"ms_animated_headline.default\">\n\t\t\t\t<div class=\"elementor-widget-container\">\n\t\t\t\t\t\r\n        <div class=\"ms-ah-wrapper\">\r\n            <h1 class=\"content__title\" data-splitting disable data-scroll=\"off\">\r\n            \tAftermovie <\/br><font color=#D9DC34>Ringside Series 2026 - Hamburg\n<\/font>\n            <\/h1>\r\n        <\/div>\r\n        \r\n    \t\t\t\t<\/div>\n\t\t\t\t<\/div>\n\t\t\t\t<div class=\"elementor-element elementor-element-57aaaeb elementor-widget elementor-widget-heading\" data-id=\"57aaaeb\" data-element_type=\"widget\" data-e-type=\"widget\" data-widget_type=\"heading.default\">\n\t\t\t\t<div class=\"elementor-widget-container\">\n\t\t\t\t\t<h2 class=\"elementor-heading-title elementor-size-default\">Am 20.03.2026 wurde unser Gala Boxevent zu einem unvergesslichen Highlight: eine Nacht voller Emotionen, Spannung und erstklassiger Unterhaltung. \n<\/br><\/br>\n\nAls Veranstalter sind wir dankbar, gemeinsam mit euch dieses besondere Event auf die Beine gestellt zu haben.<\/h2>\t\t\t\t<\/div>\n\t\t\t\t<\/div>\n\t\t<div class=\"elementor-element elementor-element-a6a68aa e-con-full e-flex no wpr-particle-no wpr-jarallax-no wpr-parallax-no wpr-sticky-section-no wpr-equal-height-no e-con e-child\" data-id=\"a6a68aa\" data-element_type=\"container\" data-e-type=\"container\">\n\t\t\t\t<div class=\"elementor-element elementor-element-29bc875 elementor-widget elementor-widget-video\" data-id=\"29bc875\" data-element_type=\"widget\" data-e-type=\"widget\" data-settings=\"{&quot;youtube_url&quot;:&quot;https:\\\/\\\/www.youtube.com\\\/watch?v=B6maWYjiYtI&quot;,&quot;autoplay&quot;:&quot;yes&quot;,&quot;play_on_mobile&quot;:&quot;yes&quot;,&quot;video_type&quot;:&quot;youtube&quot;,&quot;controls&quot;:&quot;yes&quot;}\" data-widget_type=\"video.default\">\n\t\t\t\t<div class=\"elementor-widget-container\">\n\t\t\t\t\t\t\t<div class=\"elementor-wrapper elementor-open-inline\">\n\t\t\t<div class=\"elementor-video\"> <div class=\"brlbs-cmpnt-container brlbs-cmpnt-content-blocker brlbs-cmpnt-with-individual-styles\" data-borlabs-cookie-content-blocker-id=\"youtube-content-blocker\" data-borlabs-cookie-content=\"PHNjcmlwdD4KKGZ1bmN0aW9uKCkgewogICAgbGV0IGQgPSBudWxsOwoKICAgIC8vIGlmIHdlIGFyZSBpbiBhIGxvb3AsIHdlIG5lZWQgdG8gc2VsZWN0IHRoZSBjb3JyZWN0IHZpZGVvIGVsZW1lbnQsIHNpbmNlIFdpZGdldCBJRCBvY2N1cnMgbXVsdGlwbGUgdGltZXMgb24gcGFnZQogICAgY29uc3QgZWxlbXNJbkxvb3AgPSBkb2N1bWVudC5xdWVyeVNlbGVjdG9yQWxsKCc6aXMoZGl2W2RhdGEtZWxlbWVudG9yLXR5cGU9Imxvb3AtaXRlbSJdLGRpdltkYXRhLWVsZW1lbnRvci10eXBlPSJqZXQtbGlzdGluZy1pdGVtcyJdLGRpdltkYXRhLXdpZGdldF90eXBlXj0icHJlbWl1bS1hZGRvbi10YWJzLiJdKSBkaXYuZWxlbWVudG9yLWVsZW1lbnQtMjliYzg3NScpOwogICAgaWYgKGVsZW1zSW5Mb29wLmxlbmd0aCA9PT0gMSkgewogICAgICAgIGQgPSBlbGVtc0luTG9vcFswXTsKICAgIH0gZWxzZSBpZiAoZWxlbXNJbkxvb3AubGVuZ3RoID4gMSkgewogICAgICAgIGlmICh0eXBlb2YgZG9jdW1lbnQuY3VycmVudFNjcmlwdCA9PT0gJ3VuZGVmaW5lZCcgfHwgZG9jdW1lbnQuY3VycmVudFNjcmlwdCA9PSBudWxsKSB7CiAgICAgICAgICAgIHJldHVybjsKICAgICAgICB9CiAgICAgICAgY29uc3QgdG1wVmlkZW9XaWRnZXQgPSBkb2N1bWVudC5jdXJyZW50U2NyaXB0LmNsb3Nlc3QoJ1tkYXRhLXdpZGdldF90eXBlPSJicmxic192aWRlby5kZWZhdWx0Il0nKTsKICAgICAgICBpZiAodG1wVmlkZW9XaWRnZXQpIHsKICAgICAgICAgICAgZCA9IHRtcFZpZGVvV2lkZ2V0OwogICAgICAgIH0KICAgIH0KCiAgICBpZiAoZCA9PSBudWxsKSB7CiAgICAgICAgZCA9IGRvY3VtZW50LnF1ZXJ5U2VsZWN0b3IoJ2Rpdi5lbGVtZW50b3ItZWxlbWVudC0yOWJjODc1Jyk7CiAgICB9CgogICAgaWYgKGQgPT0gbnVsbCkgewogICAgICAgIHJldHVybjsKICAgIH0KICAgIGQuZGF0YXNldC53aWRnZXRfdHlwZSA9IGQuZGF0YXNldC53aWRnZXRfdHlwZS5yZXBsYWNlKCdicmxic18nLCAnJyk7CiAgICBkLmRhdGFzZXQuYnJsYnNVbmJsb2NrZWQgPSAndHJ1ZSc7CgogICAgY29uc3QgaW50ZXJ2YWwgPSBzZXRJbnRlcnZhbCgoKSA9PiB7CiAgICAgICAgaWYgKHR5cGVvZiBlbGVtZW50b3JGcm9udGVuZCAhPT0gJ3VuZGVmaW5lZCcgJiYgdHlwZW9mIGVsZW1lbnRvckZyb250ZW5kLmhvb2tzICE9PSAndW5kZWZpbmVkJykgewogICAgICAgICAgICBjbGVhckludGVydmFsKGludGVydmFsKTsKICAgICAgICAgICAgZWxlbWVudG9yRnJvbnRlbmQuaG9va3MuZG9BY3Rpb24oJ2Zyb250ZW5kL2VsZW1lbnRfcmVhZHkvdmlkZW8uZGVmYXVsdCcsIGpRdWVyeShkKSwgalF1ZXJ5KQogICAgICAgIH0KICAgIH0sIDMwKQp9KSgpOwo8L3NjcmlwdD4=\"><div class=\"brlbs-cmpnt-cb-preset-c brlbs-cmpnt-cb-youtube\"> <div class=\"brlbs-cmpnt-cb-thumbnail\" style=\"background-image: url('https:\/\/ringside-zone.com\/wp-content\/uploads\/borlabs-cookie\/1\/yt_B6maWYjiYtI_hqdefault.jpg')\"><\/div> <div class=\"brlbs-cmpnt-cb-main\"> <div class=\"brlbs-cmpnt-cb-play-button\"><\/div> <div class=\"brlbs-cmpnt-cb-content\"> <p class=\"brlbs-cmpnt-cb-description\">Sie sehen gerade einen Platzhalterinhalt von <strong>YouTube<\/strong>. Um auf den eigentlichen Inhalt zuzugreifen, klicken Sie auf die Schaltfl\u00e4che unten. Bitte beachten Sie, dass dabei Daten an Drittanbieter weitergegeben werden.<\/p> <a class=\"brlbs-cmpnt-cb-provider-toggle\" href=\"#\" data-borlabs-cookie-show-provider-information role=\"button\">Mehr Informationen<\/a> <\/div> <div class=\"brlbs-cmpnt-cb-buttons\"> <a class=\"brlbs-cmpnt-cb-btn\" href=\"#\" data-borlabs-cookie-unblock role=\"button\">Inhalt entsperren<\/a> <a class=\"brlbs-cmpnt-cb-btn\" href=\"#\" data-borlabs-cookie-accept-service role=\"button\" style=\"display: inherit\">Erforderlichen Service akzeptieren und Inhalte entsperren<\/a> <\/div> <\/div> <\/div><\/div><\/div>\t\t<\/div>\n\t\t\t\t\t\t<\/div>\n\t\t\t\t<\/div>\n\t\t\t\t<\/div>\n\t\t\t\t\t<\/div>\n\t\t\t\t<\/div>\n\t\t<div class=\"elementor-element elementor-element-6895ce8 e-flex e-con-boxed no wpr-particle-no wpr-jarallax-no wpr-parallax-no wpr-sticky-section-no wpr-equal-height-no e-con e-parent\" data-id=\"6895ce8\" data-element_type=\"container\" data-e-type=\"container\">\n\t\t\t\t\t<div class=\"e-con-inner\">\n\t\t<div class=\"elementor-element elementor-element-f1d4453 e-con-full e-flex no wpr-particle-no wpr-jarallax-no wpr-parallax-no wpr-sticky-section-no wpr-equal-height-no e-con e-child\" data-id=\"f1d4453\" data-element_type=\"container\" data-e-type=\"container\">\n\t\t\t\t<div class=\"elementor-element elementor-element-4c8c14e elementor-widget elementor-widget-html\" data-id=\"4c8c14e\" data-element_type=\"widget\" data-e-type=\"widget\" data-widget_type=\"html.default\">\n\t\t\t\t<div class=\"elementor-widget-container\">\n\t\t\t\t\t<!-- RSZ Footer (Elementor HTML-Widget) -->\n<div class=\"rsz-footer\">\n  <a class=\"rsz-footer__logo\" href=\"https:\/\/ringside-zone.com\/\" aria-label=\"Ringside Zone\">\n    <img decoding=\"async\" src=\"https:\/\/ringside-zone.com\/wp-content\/uploads\/2025\/03\/RSZ_Logo.svg\" alt=\"RINGSIDE ZONE Logo\" \/>\n  <\/a>\n\n  <div class=\"rsz-footer__text\">\n    <div class=\"rsz-footer__line1\">\n      \u00a9 <span id=\"rszYear\"><\/span> RINGSIDE ZONE\n    <\/div>\n\n    <div class=\"rsz-footer__line2\">\n      <a href=\"https:\/\/ringside-zone.com\/Impressum\">Impressum<\/a>\n      <span class=\"rsz-footer__sep\">|<\/span>\n      <a href=\"https:\/\/ringside-zone.com\/Datenschutz\">Datenschutz<\/a>\n    <\/div>\n  <\/div>\n<\/div>\n\n<style>\n  .rsz-footer{\n    display:flex;\n    align-items:center;\n    gap:20px;\n    color:#fff;\n    width:100%;\n  }\n\n  .rsz-footer *{\n    color:#fff;\n  }\n\n  \/* Logo *\/\n  .rsz-footer__logo{\n    display:flex;\n    align-items:center;\n    text-decoration:none !important;\n  }\n\n  .rsz-footer__logo img{\n    height:60px;              \/* \u2b05 gr\u00f6\u00dfer f\u00fcr Kanten-Flucht *\/\n    width:auto;\n    display:block;\n  }\n\n  \/* Textblock *\/\n  .rsz-footer__text{\n    display:flex;\n    flex-direction:column;\n    justify-content:center;\n    height:60px;              \/* exakt Logo-H\u00f6he *\/\n    font-size:14.5px;         \/* proportional gr\u00f6\u00dfer *\/\n    line-height:1.25;\n  }\n\n  .rsz-footer__line1{\n    margin-bottom:6px;\n    white-space:nowrap;\n    letter-spacing:0.035em;\n  }\n\n  .rsz-footer__line2{\n    white-space:nowrap;\n    font-size:14px;\n  }\n\n  .rsz-footer__line2 a{\n    text-decoration:none !important;\n    color:#fff !important;\n    opacity:0.9;\n  }\n\n  .rsz-footer__line2 a:hover{\n    opacity:1;\n  }\n\n  .rsz-footer__sep{\n    margin:0 4px;\n    opacity:0.6;\n  }\n\n  @media (max-width:480px){\n    .rsz-footer__logo img{\n      height:52px;\n    }\n    .rsz-footer__text{\n      height:52px;\n      font-size:13px;\n    }\n    .rsz-footer__line2{\n      font-size:12.5px;\n    }\n  }\n<\/style>\n\n<script>\n  (function(){\n    var el = document.getElementById(\"rszYear\");\n    if(el) el.textContent = new Date().getFullYear();\n  })();\n<\/script>\n\t\t\t\t<\/div>\n\t\t\t\t<\/div>\n\t\t\t\t<\/div>\n\t\t\t\t\t<\/div>\n\t\t\t\t<\/div>\n\t\t\t\t<\/div>\n\t\t","protected":false},"excerpt":{"rendered":"<p>Aftermovie Ringside Series 2026 &#8211; Hamburg Am 20.03.2026 wurde unser Gala Boxevent zu einem unvergesslichen Highlight: eine Nacht voller Emotionen, Spannung und erstklassiger Unterhaltung.<\/p>","protected":false},"author":3,"featured_media":0,"parent":0,"menu_order":0,"comment_status":"closed","ping_status":"closed","template":"page-no-header.php","meta":{"_acf_changed":false,"_monsterinsights_skip_tracking":false,"_monsterinsights_sitenote_active":false,"_monsterinsights_sitenote_note":"","_monsterinsights_sitenote_category":0,"footnotes":""},"class_list":["post-17959","page","type-page","status-publish","hentry"],"acf":{"choi\u0441e_menu_page":"custom_menu_page","full_width":false,"header_transparent":true,"header_white":true,"menu_type_page":"button","menu_align_page":"default"},"aioseo_notices":[],"_links":{"self":[{"href":"https:\/\/ringside-zone.com\/en\/wp-json\/wp\/v2\/pages\/17959","targetHints":{"allow":["GET"]}}],"collection":[{"href":"https:\/\/ringside-zone.com\/en\/wp-json\/wp\/v2\/pages"}],"about":[{"href":"https:\/\/ringside-zone.com\/en\/wp-json\/wp\/v2\/types\/page"}],"author":[{"embeddable":true,"href":"https:\/\/ringside-zone.com\/en\/wp-json\/wp\/v2\/users\/3"}],"replies":[{"embeddable":true,"href":"https:\/\/ringside-zone.com\/en\/wp-json\/wp\/v2\/comments?post=17959"}],"version-history":[{"count":205,"href":"https:\/\/ringside-zone.com\/en\/wp-json\/wp\/v2\/pages\/17959\/revisions"}],"predecessor-version":[{"id":20140,"href":"https:\/\/ringside-zone.com\/en\/wp-json\/wp\/v2\/pages\/17959\/revisions\/20140"}],"wp:attachment":[{"href":"https:\/\/ringside-zone.com\/en\/wp-json\/wp\/v2\/media?parent=17959"}],"curies":[{"name":"wp","href":"https:\/\/api.w.org\/{rel}","templated":true}]}}